{"id":746,"date":"2020-12-17T11:07:18","date_gmt":"2020-12-17T11:07:18","guid":{"rendered":"https:\/\/www.oscarfaeh.ch\/?page_id=746"},"modified":"2024-07-02T11:43:49","modified_gmt":"2024-07-02T11:43:49","slug":"e-mobilitaet","status":"publish","type":"page","link":"https:\/\/www.oscarfaeh.ch\/fr\/e-mobilite-2\/","title":{"rendered":"Mobilit\u00e9 \u00e9lectrique"},"content":{"rendered":"<div data-elementor-type=\"wp-page\" data-elementor-id=\"746\" class=\"elementor elementor-746\" data-elementor-post-type=\"page\">\n\t\t\t\t\t\t<section class=\"elementor-section elementor-top-section elementor-element elementor-element-6808ed1 elementor-section-full_width elementor-section-height-default elementor-section-height-default\" data-id=\"6808ed1\" data-element_type=\"section\" data-e-type=\"section\">\n\t\t\t\t\t\t<div class=\"elementor-container elementor-column-gap-no\">\n\t\t\t\t\t<div class=\"elementor-column elementor-col-100 elementor-top-column elementor-element elementor-element-d10316a\" data-id=\"d10316a\" data-element_type=\"column\" data-e-type=\"column\">\n\t\t\t<div class=\"elementor-widget-wrap elementor-element-populated\">\n\t\t\t\t\t\t<div class=\"elementor-element elementor-element-fcf1c82 elementor-widget elementor-widget-WidgetSubpageHeader\" data-id=\"fcf1c82\" data-element_type=\"widget\" data-e-type=\"widget\" data-widget_type=\"WidgetSubpageHeader.default\">\n\t\t\t\t<div class=\"elementor-widget-container\">\n\t\t\t\t\t        <header class=\"subpage-header\">\n            <div class=\"subpage-header__inner container\">\n                <a href=\"https:\/\/www.oscarfaeh.ch\/fr\" class=\"subpage-header__back-link\">\n                    <svg class=\"icon link__arrow i-pfeil-left\">\n                        <use xlink:href=\"https:\/\/www.oscarfaeh.ch\/wp-content\/themes\/oscarfaeh-theme\/assets\/static\/symbol-defs.svg#i-pfeil-left\"><\/use>\n                    <\/svg>\n                    retour                <\/a>\n                <div class=\"subpage-header__wrapper\">\n                    <div class=\"subpage-header__content\">\n                        <span class=\"section__subline\">Mobilit\u00e9 \u00e9lectrique<\/span>\n                        <h1 >Composants pour les futures technologies de motorisation<\/h1>\n                        <p class=\"subpage-header__description\">La mobilit\u00e9 \u00e9lectrique, avec une pile \u00e0 combustible ou enti\u00e8rement \u00e9lectrique, est une composante centrale d\u2019une politique de circulation \u00e9cologique sur la base d\u2019\u00e9nergies renouvelables. Oscar F\u00e4h vous fournit les diff\u00e9rents composants pour cela.<\/p>\n                                                    <div class=\"subpage-header__links subpage-header__links--margin\">\n                                                                    <a href=\"#\" class=\"contact_toggle\">\n                                    <span class=\"contact__open\">\n                                        <svg class=\"icon i-person\">\n                                            <use xlink:href=\"https:\/\/www.oscarfaeh.ch\/wp-content\/themes\/oscarfaeh-theme\/assets\/static\/symbol-defs.svg#i-person\"><\/use>\n                                        <\/svg>\n                                        Contact                                    <\/span>\n                                        <span class=\"contact__close\" style=\"display: none\">\n                                        proche                                        <svg class=\"icon i-arrow-down\">\n                                            <use xlink:href=\"https:\/\/www.oscarfaeh.ch\/wp-content\/themes\/oscarfaeh-theme\/assets\/static\/symbol-defs.svg#i-arrow-down\"><\/use>\n                                        <\/svg>\n                                    <\/span>\n                                    <\/a>\n                                                            <\/div>\n                                            <\/div>\n                                            <div class=\"subpage-header__img-wrapper\">\n                            <img fetchpriority=\"high\" decoding=\"async\" width=\"1679\" height=\"960\" src=\"https:\/\/www.oscarfaeh.ch\/wp-content\/uploads\/2020\/12\/MH_header_bilder_eMobility_def.png\" class=\"subpage-header__img\" alt=\"Mobilit\u00e9 \u00e9lectrique\" style=\"width:180.66666666667%;\" srcset=\"https:\/\/www.oscarfaeh.ch\/wp-content\/uploads\/2020\/12\/MH_header_bilder_eMobility_def.png 1679w, https:\/\/www.oscarfaeh.ch\/wp-content\/uploads\/2020\/12\/MH_header_bilder_eMobility_def-300x172.png 300w, https:\/\/www.oscarfaeh.ch\/wp-content\/uploads\/2020\/12\/MH_header_bilder_eMobility_def-1024x585.png 1024w, https:\/\/www.oscarfaeh.ch\/wp-content\/uploads\/2020\/12\/MH_header_bilder_eMobility_def-768x439.png 768w, https:\/\/www.oscarfaeh.ch\/wp-content\/uploads\/2020\/12\/MH_header_bilder_eMobility_def-1536x878.png 1536w, https:\/\/www.oscarfaeh.ch\/wp-content\/uploads\/2020\/12\/MH_header_bilder_eMobility_def-16x9.png 16w, https:\/\/www.oscarfaeh.ch\/wp-content\/uploads\/2020\/12\/MH_header_bilder_eMobility_def-200x114.png 200w, https:\/\/www.oscarfaeh.ch\/wp-content\/uploads\/2020\/12\/MH_header_bilder_eMobility_def-1399x800.png 1399w\" sizes=\"(max-width: 1679px) 100vw, 1679px\" \/>                        <\/div>\n                                    <\/div>\n                <div class=\"subpage-header__spacer\"><\/div>\n            <\/div>\n            <div class=\"subpage-header__gradient\"><\/div>\n        <\/header>\n\n        \t\t\t\t<\/div>\n\t\t\t\t<\/div>\n\t\t\t\t<div class=\"elementor-element elementor-element-a7d72e5 elementor-widget elementor-widget-global elementor-global-891 elementor-widget-WidgetSectionCards\" data-id=\"a7d72e5\" data-element_type=\"widget\" data-e-type=\"widget\" data-widget_type=\"WidgetSectionCards.default\">\n\t\t\t\t<div class=\"elementor-widget-container\">\n\t\t\t\t\t        <section class=\"container section-cards\">\n            <div class=\"section-cards__image-card section-cards__image-card--background-image\">\n                <div class=\"section-cards__image-wrapper\">\n                                    <\/div>\n            <\/div>\n            <div class=\"section-cards__content-card\">\n                <a class=\"do-close-overlay section-cards__close\" href=\"#\"><span class=\"bar-1\"><\/span><span class=\"bar-2\"><\/span><\/a>\n                <div class=\"section-cards__content\">\n                    <span class=\"section__subline\">Famille S-Pump<\/span>\n                    <h1 class=\"section__title\">Compacte, puissante \u00e0 tous les niveaux de performance<\/h1>\n                    <p >Les pompes \u00e0 liquide de Valeo sont utilis\u00e9es dans les v\u00e9hicules hybrides, \u00e9lectriques ou \u00e0 piles \u00e0 combustibles pour le refroidissement des \u00e9l\u00e9ments de batterie notamment. Les pompes de recirculation fonctionnent de mani\u00e8re fiable m\u00eame avec une temp\u00e9rature ambiante de 95\u00b0 C et sont actuellement consid\u00e9r\u00e9es comme la meilleure solution au monde dans le domaine des pompes hydrauliques.<\/p>\n                                            <div class=\"section-cards__links section-cards__links--margin\">\n                                                            <a href=\"#\" class=\"contact_toggle\">\n                                    <span class=\"contact__open\">\n                                        <svg class=\"icon i-person\">\n                                            <use xlink:href=\"https:\/\/www.oscarfaeh.ch\/wp-content\/themes\/oscarfaeh-theme\/assets\/static\/symbol-defs.svg#i-person\"><\/use>\n                                        <\/svg>\n                                        Contact                                    <\/span>\n                                    <span class=\"contact__close\" style=\"display: none\">\n                                        proche                                        <svg class=\"icon i-arrow-down\">\n                                            <use xlink:href=\"https:\/\/www.oscarfaeh.ch\/wp-content\/themes\/oscarfaeh-theme\/assets\/static\/symbol-defs.svg#i-arrow-down\"><\/use>\n                                        <\/svg>\n                                    <\/span>\n                                <\/a>\n                                                            <a  href=\"https:\/\/shop.oscarfaeh.ch\/de-catalog-klima-klima_ac-umwaelzpumpen\"  target=\"_blank\">\n                                Vers l\u2019assortiment dans la boutique en ligne                                <svg class=\"icon link__arrow i-pfeil-right\">\n                                    <use xlink:href=\"https:\/\/www.oscarfaeh.ch\/wp-content\/themes\/oscarfaeh-theme\/assets\/static\/symbol-defs.svg#i-pfeil-right\"><\/use>\n                                <\/svg>\n                                <\/a>\n                                                    <\/div>\n                                    <\/div>\n            <\/div>\n        <\/section>\n\n        \t\t\t\t<\/div>\n\t\t\t\t<\/div>\n\t\t\t\t<div class=\"elementor-element elementor-element-43af219 elementor-widget elementor-widget-global elementor-global-1389 elementor-widget-WidgetSectionCards\" data-id=\"43af219\" data-element_type=\"widget\" data-e-type=\"widget\" data-widget_type=\"WidgetSectionCards.default\">\n\t\t\t\t<div class=\"elementor-widget-container\">\n\t\t\t\t\t        <section class=\"container section-cards section-cards--reverse\">\n            <div class=\"section-cards__image-card section-cards__image-card--background-image\">\n                <div class=\"section-cards__image-wrapper\">\n                                    <\/div>\n            <\/div>\n            <div class=\"section-cards__content-card\">\n                <a class=\"do-close-overlay section-cards__close\" href=\"#\"><span class=\"bar-1\"><\/span><span class=\"bar-2\"><\/span><\/a>\n                <div class=\"section-cards__content\">\n                    <span class=\"section__subline\">Gestion de la temp\u00e9rature des batteries<\/span>\n                    <h1 class=\"section__title\">Performances et dur\u00e9e de vie des syst\u00e8mes de batterie<\/h1>\n                    <p >Les blocs batterie des v\u00e9hicules \u00e9lectriques sont sensibles \u00e0 la temp\u00e9rature. Elles sont les plus performantes lorsque les temp\u00e9ratures ne sont ni trop froides et ni trop chaudes. Nous vous fournissons diff\u00e9rents composants pour une gestion efficace de la temp\u00e9rature. Par exemple e-\n\ncooler ou les appareils de chauffage haute tension. Ainsi, vous pourrez garantir une puissance constante et une longue dur\u00e9e de vie.<\/p>\n                                            <div class=\"section-cards__links section-cards__links--margin\">\n                                                            <a href=\"#\" class=\"contact_toggle\">\n                                    <span class=\"contact__open\">\n                                        <svg class=\"icon i-person\">\n                                            <use xlink:href=\"https:\/\/www.oscarfaeh.ch\/wp-content\/themes\/oscarfaeh-theme\/assets\/static\/symbol-defs.svg#i-person\"><\/use>\n                                        <\/svg>\n                                        Contact                                    <\/span>\n                                    <span class=\"contact__close\" style=\"display: none\">\n                                        proche                                        <svg class=\"icon i-arrow-down\">\n                                            <use xlink:href=\"https:\/\/www.oscarfaeh.ch\/wp-content\/themes\/oscarfaeh-theme\/assets\/static\/symbol-defs.svg#i-arrow-down\"><\/use>\n                                        <\/svg>\n                                    <\/span>\n                                <\/a>\n                                                            <a  href=\"https:\/\/shop.oscarfaeh.ch\/de-catalog-klima-klima_ac\"  target=\"_blank\">\n                                Vers l\u2019assortiment dans la boutique en ligne                                <svg class=\"icon link__arrow i-pfeil-right\">\n                                    <use xlink:href=\"https:\/\/www.oscarfaeh.ch\/wp-content\/themes\/oscarfaeh-theme\/assets\/static\/symbol-defs.svg#i-pfeil-right\"><\/use>\n                                <\/svg>\n                                <\/a>\n                                                    <\/div>\n                                    <\/div>\n            <\/div>\n        <\/section>\n\n        \t\t\t\t<\/div>\n\t\t\t\t<\/div>\n\t\t\t\t<div class=\"elementor-element elementor-element-74ba7b9 elementor-widget elementor-widget-global elementor-global-1396 elementor-widget-WidgetSectionCards\" data-id=\"74ba7b9\" data-element_type=\"widget\" data-e-type=\"widget\" data-widget_type=\"WidgetSectionCards.default\">\n\t\t\t\t<div class=\"elementor-widget-container\">\n\t\t\t\t\t        <section class=\"container section-cards\">\n            <div class=\"section-cards__image-card section-cards__image-card--background-image\">\n                <div class=\"section-cards__image-wrapper\">\n                                    <\/div>\n            <\/div>\n            <div class=\"section-cards__content-card\">\n                <a class=\"do-close-overlay section-cards__close\" href=\"#\"><span class=\"bar-1\"><\/span><span class=\"bar-2\"><\/span><\/a>\n                <div class=\"section-cards__content\">\n                    <span class=\"section__subline\">Syst\u00e8mes de filtration pour batteries<\/span>\n                    <h1 class=\"section__title\">Protection efficace pour les batteries haute tension<\/h1>\n                    <p >Les batteries stationnaires stockent l\u2019\u00e9nergie renouvelable des installations photovolta\u00efques ou des parcs \u00e9oliens. Peu importe la forme, les dimensions ou la conception des batteries, dans tous les cas, elles doivent \u00eatre prot\u00e9g\u00e9es contre la surchauffe, les dommages m\u00e9caniques, la salet\u00e9 et l\u2019humidit\u00e9.<\/p>\n                                            <div class=\"section-cards__links section-cards__links--margin\">\n                                                            <a href=\"#\" class=\"contact_toggle\">\n                                    <span class=\"contact__open\">\n                                        <svg class=\"icon i-person\">\n                                            <use xlink:href=\"https:\/\/www.oscarfaeh.ch\/wp-content\/themes\/oscarfaeh-theme\/assets\/static\/symbol-defs.svg#i-person\"><\/use>\n                                        <\/svg>\n                                        Contact                                    <\/span>\n                                    <span class=\"contact__close\" style=\"display: none\">\n                                        proche                                        <svg class=\"icon i-arrow-down\">\n                                            <use xlink:href=\"https:\/\/www.oscarfaeh.ch\/wp-content\/themes\/oscarfaeh-theme\/assets\/static\/symbol-defs.svg#i-arrow-down\"><\/use>\n                                        <\/svg>\n                                    <\/span>\n                                <\/a>\n                                                            <a  href=\"https:\/\/shop.oscarfaeh.ch\/de-catalog-filtertechnik\"  target=\"_blank\">\n                                Vers l\u2019assortiment dans la boutique en ligne                                <svg class=\"icon link__arrow i-pfeil-right\">\n                                    <use xlink:href=\"https:\/\/www.oscarfaeh.ch\/wp-content\/themes\/oscarfaeh-theme\/assets\/static\/symbol-defs.svg#i-pfeil-right\"><\/use>\n                                <\/svg>\n                                <\/a>\n                                                    <\/div>\n                                    <\/div>\n            <\/div>\n        <\/section>\n\n        \t\t\t\t<\/div>\n\t\t\t\t<\/div>\n\t\t\t\t<div class=\"elementor-element elementor-element-bf950b1 elementor-widget elementor-widget-WidgetCustomers\" data-id=\"bf950b1\" data-element_type=\"widget\" data-e-type=\"widget\" data-widget_type=\"WidgetCustomers.default\">\n\t\t\t\t<div class=\"elementor-widget-container\">\n\t\t\t\t\t        <section class=\"customer-logos\">\n            <div class=\"container\">\n                <span class=\"hero__subline\">Collaboration depuis de nombreuses ann\u00e9es<\/span>\n                <h1 >Nos fournisseurs<\/h1>\n            <\/div>\n\n            <div class=\"container customer-logos__wrapper\">\n                                    <a class=\"customer-logos__link\"  target=\"_blank\" rel=\"nofollow\" href=\"https:\/\/www.mann-hummel.com\">\n                        <img decoding=\"async\" class=\"customer-logos__logo\" src=\"https:\/\/www.oscarfaeh.ch\/wp-content\/uploads\/2020\/12\/Logo-Mann-Hummel.svg\" alt=\"MANN + HUMMEL\">\n                    <\/a>\n                                    <a class=\"customer-logos__link\"  target=\"_blank\" rel=\"nofollow\" href=\"https:\/\/www.spheros.com\/eu_de\/Home\">\n                        <img decoding=\"async\" class=\"customer-logos__logo\" src=\"https:\/\/www.oscarfaeh.ch\/wp-content\/uploads\/2024\/07\/Spheros-1.png\" alt=\"Sph\u00e9ros\">\n                    <\/a>\n                                    <a class=\"customer-logos__link\"  target=\"_blank\" rel=\"nofollow\" href=\"\">\n                        <img decoding=\"async\" class=\"customer-logos__logo\" src=\"\" alt=\"\">\n                    <\/a>\n                            <\/div>\n        <\/section>\n\n        \t\t\t\t<\/div>\n\t\t\t\t<\/div>\n\t\t\t\t\t<\/div>\n\t\t<\/div>\n\t\t\t\t\t<\/div>\n\t\t<\/section>\n\t\t\t\t<\/div>","protected":false},"excerpt":{"rendered":"<p>zur\u00fcck E-Mobilit\u00e4t Komponenten f\u00fcr zuk\u00fcnftige Antriebstechnologien Die Elektromobilit\u00e4t, ob mit Brennstoffzelle oder rein elektrisch gilt als zentraler Baustein einer klimaschonenden Verkehrspolitik auf der Basis von erneuerbaren Energien. Die Oscar F\u00e4h AG liefert Ihnen verschiedenste Komponenten dazu. Kontakt zuklappen S-Pump Familie Kompakt, kraftvoll in allen Leistungsstufen Die elektrischen Fl\u00fcssigkeitspumpen von Valeo kommen in Hybrid-, Elektro- oder [&hellip;]<\/p>\n","protected":false},"author":1,"featured_media":0,"parent":0,"menu_order":0,"comment_status":"closed","ping_status":"closed","template":"","meta":{"_seopress_robots_primary_cat":"","_seopress_titles_title":"E-Mobilit\u00e4t - Komponenten f\u00fcr zuk\u00fcnftige Antriebstechnologien.","_seopress_titles_desc":"Oscar F\u00e4h setzt auf E-Mobilit\u00e4t: Ob Elektrische Fl\u00fcssigkeitspumpen, E-Cooler, Hochvoltheizger\u00e4te oder Filtersysteme f\u00fcr Batterien. Wir verbauen&#039;s. ","_seopress_robots_index":"","footnotes":""},"class_list":["post-746","page","type-page","status-publish","hentry"],"_links":{"self":[{"href":"https:\/\/www.oscarfaeh.ch\/fr\/wp-json\/wp\/v2\/pages\/746","targetHints":{"allow":["GET"]}}],"collection":[{"href":"https:\/\/www.oscarfaeh.ch\/fr\/wp-json\/wp\/v2\/pages"}],"about":[{"href":"https:\/\/www.oscarfaeh.ch\/fr\/wp-json\/wp\/v2\/types\/page"}],"author":[{"embeddable":true,"href":"https:\/\/www.oscarfaeh.ch\/fr\/wp-json\/wp\/v2\/users\/1"}],"replies":[{"embeddable":true,"href":"https:\/\/www.oscarfaeh.ch\/fr\/wp-json\/wp\/v2\/comments?post=746"}],"version-history":[{"count":83,"href":"https:\/\/www.oscarfaeh.ch\/fr\/wp-json\/wp\/v2\/pages\/746\/revisions"}],"predecessor-version":[{"id":3472,"href":"https:\/\/www.oscarfaeh.ch\/fr\/wp-json\/wp\/v2\/pages\/746\/revisions\/3472"}],"wp:attachment":[{"href":"https:\/\/www.oscarfaeh.ch\/fr\/wp-json\/wp\/v2\/media?parent=746"}],"curies":[{"name":"wp","href":"https:\/\/api.w.org\/{rel}","templated":true}]}}