{"id":2865,"date":"2021-09-21T15:00:30","date_gmt":"2021-09-21T15:00:30","guid":{"rendered":"https:\/\/www.oscarfaeh.ch\/?page_id=2865"},"modified":"2021-09-21T15:08:52","modified_gmt":"2021-09-21T15:08:52","slug":"baustelle","status":"publish","type":"page","link":"https:\/\/www.oscarfaeh.ch\/fr\/baustelle\/","title":{"rendered":"chantier de construction"},"content":{"rendered":"<div data-elementor-type=\"wp-page\" data-elementor-id=\"2865\" class=\"elementor elementor-2865\" data-elementor-post-type=\"page\">\n\t\t\t\t\t\t<section class=\"elementor-section elementor-top-section elementor-element elementor-element-6e9ca1b elementor-section-boxed elementor-section-height-default elementor-section-height-default\" data-id=\"6e9ca1b\" data-element_type=\"section\" data-e-type=\"section\">\n\t\t\t\t\t\t<div class=\"elementor-container elementor-column-gap-default\">\n\t\t\t\t\t<div class=\"elementor-column elementor-col-100 elementor-top-column elementor-element elementor-element-def3cc9\" data-id=\"def3cc9\" data-element_type=\"column\" data-e-type=\"column\">\n\t\t\t<div class=\"elementor-widget-wrap elementor-element-populated\">\n\t\t\t\t\t\t<div class=\"elementor-element elementor-element-1739434 elementor-widget elementor-widget-heading\" data-id=\"1739434\" data-element_type=\"widget\" data-e-type=\"widget\" data-widget_type=\"heading.default\">\n\t\t\t\t<div class=\"elementor-widget-container\">\n\t\t\t\t\t<h1 class=\"elementor-heading-title elementor-size-default\">Confort d&#039;assise pour les machines d&#039;arbres<\/h1>\t\t\t\t<\/div>\n\t\t\t\t<\/div>\n\t\t\t\t\t<\/div>\n\t\t<\/div>\n\t\t\t\t\t<\/div>\n\t\t<\/section>\n\t\t\t\t<section class=\"elementor-section elementor-top-section elementor-element elementor-element-2cf2dcb elementor-section-boxed elementor-section-height-default elementor-section-height-default\" data-id=\"2cf2dcb\" data-element_type=\"section\" data-e-type=\"section\">\n\t\t\t\t\t\t<div class=\"elementor-container elementor-column-gap-default\">\n\t\t\t\t\t<div class=\"elementor-column elementor-col-100 elementor-top-column elementor-element elementor-element-c64e0e0\" data-id=\"c64e0e0\" data-element_type=\"column\" data-e-type=\"column\">\n\t\t\t<div class=\"elementor-widget-wrap elementor-element-populated\">\n\t\t\t\t\t\t<div class=\"elementor-element elementor-element-e9f7780 elementor-widget elementor-widget-heading\" data-id=\"e9f7780\" data-element_type=\"widget\" data-e-type=\"widget\" data-widget_type=\"heading.default\">\n\t\t\t\t<div class=\"elementor-widget-container\">\n\t\t\t\t\t<h2 class=\"elementor-heading-title elementor-size-default\">Travaillez en toute s\u00e9curit\u00e9, de mani\u00e8re ergonomique et confortable.<\/h2>\t\t\t\t<\/div>\n\t\t\t\t<\/div>\n\t\t\t\t\t<\/div>\n\t\t<\/div>\n\t\t\t\t\t<\/div>\n\t\t<\/section>\n\t\t\t\t<section class=\"elementor-section elementor-top-section elementor-element elementor-element-4583239 elementor-section-boxed elementor-section-height-default elementor-section-height-default\" data-id=\"4583239\" data-element_type=\"section\" data-e-type=\"section\">\n\t\t\t\t\t\t<div class=\"elementor-container elementor-column-gap-default\">\n\t\t\t\t\t<div class=\"elementor-column elementor-col-50 elementor-top-column elementor-element elementor-element-ec97b57\" data-id=\"ec97b57\" data-element_type=\"column\" data-e-type=\"column\">\n\t\t\t<div class=\"elementor-widget-wrap elementor-element-populated\">\n\t\t\t\t\t\t<div class=\"elementor-element elementor-element-abdfe12 elementor-widget elementor-widget-text-editor\" data-id=\"abdfe12\" data-element_type=\"widget\" data-e-type=\"widget\" data-widget_type=\"text-editor.default\">\n\t\t\t\t<div class=\"elementor-widget-container\">\n\t\t\t\t\t\t\t\t\t<p>Rendez-vous \u00e0 court terme, longues heures de travail. Cela touche au fond. Les si\u00e8ges conducteur d&#039;Oscar F\u00e4h pour les engins de chantier, les excavatrices et les \u00e9quipements lourds renforcent le dos et assurent un haut niveau de confort d&#039;assise. Avec une recherche continue et de nouvelles innovations, nous vous offrons la base d&#039;un bon travail. Vous ne savez pas quel si\u00e8ge est id\u00e9al pour vous et s&#039;il convient \u00e0 votre v\u00e9hicule ? Nos sp\u00e9cialistes en si\u00e8ges se feront un plaisir de vous conseiller.<\/p>\t\t\t\t\t\t\t\t<\/div>\n\t\t\t\t<\/div>\n\t\t\t\t<div class=\"elementor-element elementor-element-cf82475 elementor-widget elementor-widget-heading\" data-id=\"cf82475\" data-element_type=\"widget\" data-e-type=\"widget\" data-widget_type=\"heading.default\">\n\t\t\t\t<div class=\"elementor-widget-container\">\n\t\t\t\t\t<h5 class=\"elementor-heading-title elementor-size-default\">Oscar F\u00e4h - Votre partenaire Grammer en Suisse<\/h5>\t\t\t\t<\/div>\n\t\t\t\t<\/div>\n\t\t\t\t<div class=\"elementor-element elementor-element-78f43e5 elementor-widget elementor-widget-image\" data-id=\"78f43e5\" data-element_type=\"widget\" data-e-type=\"widget\" data-widget_type=\"image.default\">\n\t\t\t\t<div class=\"elementor-widget-container\">\n\t\t\t\t\t\t\t\t\t\t\t\t\t\t\t<img decoding=\"async\" width=\"150\" height=\"150\" src=\"https:\/\/www.oscarfaeh.ch\/wp-content\/uploads\/2020\/12\/Logo-Grammer.svg\" class=\"attachment-thumbnail size-thumbnail wp-image-626\" alt=\"\" srcset=\"https:\/\/www.oscarfaeh.ch\/wp-content\/uploads\/\/2020\/12\/Logo-Grammer.svg 150w, https:\/\/www.oscarfaeh.ch\/wp-content\/uploads\/\/2020\/12\/Logo-Grammer.svg 300w, https:\/\/www.oscarfaeh.ch\/wp-content\/uploads\/\/2020\/12\/Logo-Grammer.svg 1024w\" sizes=\"(max-width: 150px) 100vw, 150px\" \/>\t\t\t\t\t\t\t\t\t\t\t\t\t\t\t<\/div>\n\t\t\t\t<\/div>\n\t\t\t\t\t<\/div>\n\t\t<\/div>\n\t\t\t\t<div class=\"elementor-column elementor-col-50 elementor-top-column elementor-element elementor-element-3230333\" data-id=\"3230333\" data-element_type=\"column\" data-e-type=\"column\">\n\t\t\t<div class=\"elementor-widget-wrap elementor-element-populated\">\n\t\t\t\t\t\t<div class=\"elementor-element elementor-element-e5d5bc7 elementor-widget elementor-widget-image\" data-id=\"e5d5bc7\" data-element_type=\"widget\" data-e-type=\"widget\" data-widget_type=\"image.default\">\n\t\t\t\t<div class=\"elementor-widget-container\">\n\t\t\t\t\t\t\t\t\t\t\t\t\t\t\t<img fetchpriority=\"high\" decoding=\"async\" width=\"190\" height=\"300\" src=\"https:\/\/www.oscarfaeh.ch\/wp-content\/uploads\/2020\/11\/Sitze_def-190x300.png\" class=\"attachment-medium size-medium wp-image-347\" alt=\"Si\u00e8ge sur mesure\" srcset=\"https:\/\/www.oscarfaeh.ch\/wp-content\/uploads\/2020\/11\/Sitze_def-190x300.png 190w, https:\/\/www.oscarfaeh.ch\/wp-content\/uploads\/2020\/11\/Sitze_def-648x1024.png 648w, https:\/\/www.oscarfaeh.ch\/wp-content\/uploads\/2020\/11\/Sitze_def-768x1215.png 768w, https:\/\/www.oscarfaeh.ch\/wp-content\/uploads\/2020\/11\/Sitze_def-8x12.png 8w, https:\/\/www.oscarfaeh.ch\/wp-content\/uploads\/2020\/11\/Sitze_def-200x316.png 200w, https:\/\/www.oscarfaeh.ch\/wp-content\/uploads\/2020\/11\/Sitze_def-506x800.png 506w, https:\/\/www.oscarfaeh.ch\/wp-content\/uploads\/2020\/11\/Sitze_def.png 903w\" sizes=\"(max-width: 190px) 100vw, 190px\" \/>\t\t\t\t\t\t\t\t\t\t\t\t\t\t\t<\/div>\n\t\t\t\t<\/div>\n\t\t\t\t\t<\/div>\n\t\t<\/div>\n\t\t\t\t\t<\/div>\n\t\t<\/section>\n\t\t\t\t<section class=\"elementor-section elementor-top-section elementor-element elementor-element-8b81f43 elementor-section-boxed elementor-section-height-default elementor-section-height-default\" data-id=\"8b81f43\" data-element_type=\"section\" data-e-type=\"section\">\n\t\t\t\t\t\t<div class=\"elementor-container elementor-column-gap-default\">\n\t\t\t\t\t<div class=\"elementor-column elementor-col-100 elementor-top-column elementor-element elementor-element-dc12006\" data-id=\"dc12006\" data-element_type=\"column\" data-e-type=\"column\">\n\t\t\t<div class=\"elementor-widget-wrap\">\n\t\t\t\t\t\t\t<\/div>\n\t\t<\/div>\n\t\t\t\t\t<\/div>\n\t\t<\/section>\n\t\t\t\t<section class=\"elementor-section elementor-top-section elementor-element elementor-element-32f4ebb elementor-section-boxed elementor-section-height-default elementor-section-height-default\" data-id=\"32f4ebb\" data-element_type=\"section\" data-e-type=\"section\">\n\t\t\t\t\t\t<div class=\"elementor-container elementor-column-gap-default\">\n\t\t\t\t\t<div class=\"elementor-column elementor-col-100 elementor-top-column elementor-element elementor-element-943fc97\" data-id=\"943fc97\" data-element_type=\"column\" data-e-type=\"column\">\n\t\t\t<div class=\"elementor-widget-wrap elementor-element-populated\">\n\t\t\t\t\t\t<div class=\"elementor-element elementor-element-be2fb20 elementor-widget elementor-widget-heading\" data-id=\"be2fb20\" data-element_type=\"widget\" data-e-type=\"widget\" data-widget_type=\"heading.default\">\n\t\t\t\t<div class=\"elementor-widget-container\">\n\t\t\t\t\t<h2 class=\"elementor-heading-title elementor-size-default\">Visitez notre boutique en ligne<\/h2>\t\t\t\t<\/div>\n\t\t\t\t<\/div>\n\t\t\t\t\t<\/div>\n\t\t<\/div>\n\t\t\t\t\t<\/div>\n\t\t<\/section>\n\t\t\t\t<section class=\"elementor-section elementor-top-section elementor-element elementor-element-2e72631 elementor-section-boxed elementor-section-height-default elementor-section-height-default\" data-id=\"2e72631\" data-element_type=\"section\" data-e-type=\"section\">\n\t\t\t\t\t\t<div class=\"elementor-container elementor-column-gap-default\">\n\t\t\t\t\t<div class=\"elementor-column elementor-col-100 elementor-top-column elementor-element elementor-element-2688d16\" data-id=\"2688d16\" data-element_type=\"column\" data-e-type=\"column\">\n\t\t\t<div class=\"elementor-widget-wrap elementor-element-populated\">\n\t\t\t\t\t\t<div class=\"elementor-element elementor-element-7ea590e elementor-cta--skin-classic elementor-animated-content elementor-bg-transform elementor-bg-transform-zoom-in elementor-widget elementor-widget-call-to-action\" data-id=\"7ea590e\" data-element_type=\"widget\" data-e-type=\"widget\" data-widget_type=\"call-to-action.default\">\n\t\t\t\t<div class=\"elementor-widget-container\">\n\t\t\t\t\t\t\t<div class=\"elementor-cta\">\n\t\t\t\t\t<div class=\"elementor-cta__bg-wrapper\">\n\t\t\t\t<div class=\"elementor-cta__bg elementor-bg\" style=\"background-image: url(https:\/\/www.oscarfaeh.ch\/wp-content\/uploads\/2021\/09\/AdobeStock_170803462-1-1024x740.jpeg);\" role=\"img\" aria-label=\"excavatrice sur un chantier de construction\"><\/div>\n\t\t\t\t<div class=\"elementor-cta__bg-overlay\"><\/div>\n\t\t\t<\/div>\n\t\t\t\t\t\t\t<div class=\"elementor-cta__content\">\n\t\t\t\t\n\t\t\t\t\t\t\t\t\t<h2 class=\"elementor-cta__title elementor-cta__content-item elementor-content-item\">\n\t\t\t\t\t\tVotre partenaire pour le confort d&#039;assise\t\t\t\t\t<\/h2>\n\t\t\t\t\n\t\t\t\t\t\t\t\t\t<div class=\"elementor-cta__description elementor-cta__content-item elementor-content-item\">\n\t\t\t\t\t\tLes si\u00e8ges conducteur d&#039;Oscar F\u00e4h pour les engins de chantier, les excavatrices et les \u00e9quipements lourds renforcent le dos et assurent un haut niveau de confort d&#039;assise\t\t\t\t\t<\/div>\n\t\t\t\t\n\t\t\t\t\t\t\t\t\t<div class=\"elementor-cta__button-wrapper elementor-cta__content-item elementor-content-item\">\n\t\t\t\t\t<a class=\"elementor-cta__button elementor-button elementor-size-xl\" href=\"https:\/\/shop.oscarfaeh.ch\/de-catalog-fahrersitze-baumaschinen_sitze\">\n\t\t\t\t\t\tAu magasin\t\t\t\t\t<\/a>\n\t\t\t\t\t<\/div>\n\t\t\t\t\t\t\t<\/div>\n\t\t\t\t\t\t<\/div>\n\t\t\t\t\t\t<\/div>\n\t\t\t\t<\/div>\n\t\t\t\t\t<\/div>\n\t\t<\/div>\n\t\t\t\t\t<\/div>\n\t\t<\/section>\n\t\t\t\t<section class=\"elementor-section elementor-top-section elementor-element elementor-element-9983be6 elementor-section-boxed elementor-section-height-default elementor-section-height-default\" data-id=\"9983be6\" data-element_type=\"section\" data-e-type=\"section\">\n\t\t\t\t\t\t<div class=\"elementor-container elementor-column-gap-default\">\n\t\t\t\t\t<div class=\"elementor-column elementor-col-100 elementor-top-column elementor-element elementor-element-ee406ea\" data-id=\"ee406ea\" data-element_type=\"column\" data-e-type=\"column\">\n\t\t\t<div class=\"elementor-widget-wrap elementor-element-populated\">\n\t\t\t\t\t\t<div class=\"elementor-element elementor-element-028d70e elementor-widget elementor-widget-spacer\" data-id=\"028d70e\" data-element_type=\"widget\" data-e-type=\"widget\" data-widget_type=\"spacer.default\">\n\t\t\t\t<div class=\"elementor-widget-container\">\n\t\t\t\t\t\t\t<div class=\"elementor-spacer\">\n\t\t\t<div class=\"elementor-spacer-inner\"><\/div>\n\t\t<\/div>\n\t\t\t\t\t\t<\/div>\n\t\t\t\t<\/div>\n\t\t\t\t\t<\/div>\n\t\t<\/div>\n\t\t\t\t\t<\/div>\n\t\t<\/section>\n\t\t\t\t<section class=\"elementor-section elementor-top-section elementor-element elementor-element-158bfe4 elementor-section-boxed elementor-section-height-default elementor-section-height-default\" data-id=\"158bfe4\" data-element_type=\"section\" data-e-type=\"section\">\n\t\t\t\t\t\t<div class=\"elementor-container elementor-column-gap-default\">\n\t\t\t\t\t<div class=\"elementor-column elementor-col-100 elementor-top-column elementor-element elementor-element-728450f\" data-id=\"728450f\" data-element_type=\"column\" data-e-type=\"column\">\n\t\t\t<div class=\"elementor-widget-wrap elementor-element-populated\">\n\t\t\t\t\t\t<div class=\"elementor-element elementor-element-88dc35d elementor-widget elementor-widget-heading\" data-id=\"88dc35d\" data-element_type=\"widget\" data-e-type=\"widget\" data-widget_type=\"heading.default\">\n\t\t\t\t<div class=\"elementor-widget-container\">\n\t\t\t\t\t<h2 class=\"elementor-heading-title elementor-size-default\">Avez-vous d&#039;autres questions?<\/h2>\t\t\t\t<\/div>\n\t\t\t\t<\/div>\n\t\t\t\t\t<\/div>\n\t\t<\/div>\n\t\t\t\t\t<\/div>\n\t\t<\/section>\n\t\t\t\t<section class=\"elementor-section elementor-top-section elementor-element elementor-element-88d27fb elementor-section-boxed elementor-section-height-default elementor-section-height-default\" data-id=\"88d27fb\" data-element_type=\"section\" data-e-type=\"section\">\n\t\t\t\t\t\t<div class=\"elementor-container elementor-column-gap-default\">\n\t\t\t\t\t<div class=\"elementor-column elementor-col-100 elementor-top-column elementor-element elementor-element-fe334fe\" data-id=\"fe334fe\" data-element_type=\"column\" data-e-type=\"column\">\n\t\t\t<div class=\"elementor-widget-wrap elementor-element-populated\">\n\t\t\t\t\t\t<div class=\"elementor-element elementor-element-815b7de elementor-widget elementor-widget-heading\" data-id=\"815b7de\" data-element_type=\"widget\" data-e-type=\"widget\" data-widget_type=\"heading.default\">\n\t\t\t\t<div class=\"elementor-widget-container\">\n\t\t\t\t\t<h5 class=\"elementor-heading-title elementor-size-default\">Nous serions heureux de vous conseiller personnellement - nous nous r\u00e9jouissons d&#039;avoir de vos nouvelles<\/h5>\t\t\t\t<\/div>\n\t\t\t\t<\/div>\n\t\t\t\t\t<\/div>\n\t\t<\/div>\n\t\t\t\t\t<\/div>\n\t\t<\/section>\n\t\t\t\t<section class=\"elementor-section elementor-top-section elementor-element elementor-element-ccdda6a elementor-section-boxed elementor-section-height-default elementor-section-height-default\" data-id=\"ccdda6a\" data-element_type=\"section\" data-e-type=\"section\">\n\t\t\t\t\t\t<div class=\"elementor-container elementor-column-gap-default\">\n\t\t\t\t\t<div class=\"elementor-column elementor-col-100 elementor-top-column elementor-element elementor-element-8e93cc4\" data-id=\"8e93cc4\" data-element_type=\"column\" data-e-type=\"column\">\n\t\t\t<div class=\"elementor-widget-wrap elementor-element-populated\">\n\t\t\t\t\t\t<div class=\"elementor-element elementor-element-2c5a9ad elementor-widget elementor-widget-spacer\" data-id=\"2c5a9ad\" data-element_type=\"widget\" data-e-type=\"widget\" data-widget_type=\"spacer.default\">\n\t\t\t\t<div class=\"elementor-widget-container\">\n\t\t\t\t\t\t\t<div class=\"elementor-spacer\">\n\t\t\t<div class=\"elementor-spacer-inner\"><\/div>\n\t\t<\/div>\n\t\t\t\t\t\t<\/div>\n\t\t\t\t<\/div>\n\t\t\t\t<div class=\"elementor-element elementor-element-277e1fb elementor-widget elementor-widget-text-editor\" data-id=\"277e1fb\" data-element_type=\"widget\" data-e-type=\"widget\" data-widget_type=\"text-editor.default\">\n\t\t\t\t<div class=\"elementor-widget-container\">\n\t\t\t\t\t\t\t\t\t<p><strong>+41 58 810 0 810<\/strong><br \/><strong>info@oscarfaeh.ch<\/strong><br \/><br \/>Oscar F\u00e4h AG<br \/>Sandackerstrasse 28<br \/>9245 Oberb\u00fcren<\/p>\t\t\t\t\t\t\t\t<\/div>\n\t\t\t\t<\/div>\n\t\t\t\t\t<\/div>\n\t\t<\/div>\n\t\t\t\t\t<\/div>\n\t\t<\/section>\n\t\t\t\t<section class=\"elementor-section elementor-top-section elementor-element elementor-element-8b803b5 elementor-section-boxed elementor-section-height-default elementor-section-height-default\" data-id=\"8b803b5\" data-element_type=\"section\" data-e-type=\"section\">\n\t\t\t\t\t\t<div class=\"elementor-container elementor-column-gap-default\">\n\t\t\t\t\t<div class=\"elementor-column elementor-col-100 elementor-top-column elementor-element elementor-element-333feb8\" data-id=\"333feb8\" data-element_type=\"column\" data-e-type=\"column\">\n\t\t\t<div class=\"elementor-widget-wrap\">\n\t\t\t\t\t\t\t<\/div>\n\t\t<\/div>\n\t\t\t\t\t<\/div>\n\t\t<\/section>\n\t\t\t\t<\/div>","protected":false},"excerpt":{"rendered":"<p>Sitzkomfort f\u00fcr Baumschinen Arbeiten Sie sicher, ergonomisch und komfortabel. Kurzfristige Termine, lange Arbeitszeiten. Das geht an die Substanz. Die Fahrersitze von Oscar F\u00e4h f\u00fcr Baumaschinen, Bagger und schweres Ger\u00e4t st\u00e4rken den R\u00fccken und sorgen f\u00fcr einen hohen Sitzkomfort. Mit kontinuierlicher Forschung und immer neuen Innovationen bieten wir Ihnen das Fundament f\u00fcr gute Arbeit. Sind Sie [&hellip;]<\/p>\n","protected":false},"author":1,"featured_media":0,"parent":0,"menu_order":0,"comment_status":"closed","ping_status":"closed","template":"","meta":{"_seopress_robots_primary_cat":"","_seopress_titles_title":"","_seopress_titles_desc":"","_seopress_robots_index":"","footnotes":""},"class_list":["post-2865","page","type-page","status-publish","hentry"],"_links":{"self":[{"href":"https:\/\/www.oscarfaeh.ch\/fr\/wp-json\/wp\/v2\/pages\/2865","targetHints":{"allow":["GET"]}}],"collection":[{"href":"https:\/\/www.oscarfaeh.ch\/fr\/wp-json\/wp\/v2\/pages"}],"about":[{"href":"https:\/\/www.oscarfaeh.ch\/fr\/wp-json\/wp\/v2\/types\/page"}],"author":[{"embeddable":true,"href":"https:\/\/www.oscarfaeh.ch\/fr\/wp-json\/wp\/v2\/users\/1"}],"replies":[{"embeddable":true,"href":"https:\/\/www.oscarfaeh.ch\/fr\/wp-json\/wp\/v2\/comments?post=2865"}],"version-history":[{"count":27,"href":"https:\/\/www.oscarfaeh.ch\/fr\/wp-json\/wp\/v2\/pages\/2865\/revisions"}],"predecessor-version":[{"id":2908,"href":"https:\/\/www.oscarfaeh.ch\/fr\/wp-json\/wp\/v2\/pages\/2865\/revisions\/2908"}],"wp:attachment":[{"href":"https:\/\/www.oscarfaeh.ch\/fr\/wp-json\/wp\/v2\/media?parent=2865"}],"curies":[{"name":"wp","href":"https:\/\/api.w.org\/{rel}","templated":true}]}}