{"id":1294,"date":"2020-12-22T15:04:31","date_gmt":"2020-12-22T15:04:31","guid":{"rendered":"https:\/\/www.oscarfaeh.ch\/?page_id=1294"},"modified":"2021-02-08T15:09:35","modified_gmt":"2021-02-08T15:09:35","slug":"overlays-brandbekaempfung","status":"publish","type":"page","link":"https:\/\/www.oscarfaeh.ch\/fr\/overlays-brandbekaempfung\/","title":{"rendered":"Overlays Brandbek\u00e4mpfung"},"content":{"rendered":"<div data-elementor-type=\"wp-page\" data-elementor-id=\"1294\" class=\"elementor elementor-1294\" data-elementor-post-type=\"page\">\n\t\t\t\t\t\t<section class=\"elementor-section elementor-top-section elementor-element elementor-element-1bc7745 elementor-section-boxed elementor-section-height-default elementor-section-height-default\" data-id=\"1bc7745\" data-element_type=\"section\" data-e-type=\"section\">\n\t\t\t\t\t\t<div class=\"elementor-container elementor-column-gap-default\">\n\t\t\t\t\t<div class=\"elementor-column elementor-col-100 elementor-top-column elementor-element elementor-element-338e3ce\" data-id=\"338e3ce\" data-element_type=\"column\" data-e-type=\"column\">\n\t\t\t<div class=\"elementor-widget-wrap elementor-element-populated\">\n\t\t\t\t\t\t<div class=\"elementor-element elementor-element-ff0b52e elementor-widget elementor-widget-global elementor-global-1303 elementor-widget-WidgetSectionCards\" data-id=\"ff0b52e\" data-element_type=\"widget\" data-e-type=\"widget\" data-widget_type=\"WidgetSectionCards.default\">\n\t\t\t\t<div class=\"elementor-widget-container\">\n\t\t\t\t\t        <section class=\"container section-cards\">\n            <div class=\"section-cards__image-card section-cards__image-card--background-image\">\n                <div class=\"section-cards__image-wrapper\">\n                                    <\/div>\n            <\/div>\n            <div class=\"section-cards__content-card\">\n                <a class=\"do-close-overlay section-cards__close\" href=\"#\"><span class=\"bar-1\"><\/span><span class=\"bar-2\"><\/span><\/a>\n                <div class=\"section-cards__content\">\n                    <span class=\"section__subline\">Lutte contre les incendies<\/span>\n                    <h1 class=\"section__title\">Syst\u00e8mes d\u2019extinction haut de gamme efficaces et compacts<\/h1>\n                    <p >La technique d\u2019extinction d\u2019Oscar F\u00e4h pour les moteurs et les machines se base sur un d\u00e9veloppement issu du secteur minier. En plus de l\u2019\u00e9conomie en mat\u00e9riel, cette solution est extr\u00eamement compacte et peut ainsi \u00eatre int\u00e9gr\u00e9e de mani\u00e8re optimale sur un espace r\u00e9duit. En outre, les installations d\u2019extinction ne n\u00e9cessitent aucune \u00e9nergie ext\u00e9rieure pour la d\u00e9tection et\n\nl\u2019utilisation d\u2019agents extincteurs. Les syst\u00e8mes fonctionnent de mani\u00e8re autonome et sans pression en \u00e9tat de fonctionnement.<\/p>\n                                            <div class=\"section-cards__links section-cards__links--margin\">\n                                                            <a href=\"#\" class=\"contact_toggle\">\n                                    <span class=\"contact__open\">\n                                        <svg class=\"icon i-person\">\n                                            <use xlink:href=\"https:\/\/www.oscarfaeh.ch\/wp-content\/themes\/oscarfaeh-theme\/assets\/static\/symbol-defs.svg#i-person\"><\/use>\n                                        <\/svg>\n                                        Contact                                    <\/span>\n                                    <span class=\"contact__close\" style=\"display: none\">\n                                        proche                                        <svg class=\"icon i-arrow-down\">\n                                            <use xlink:href=\"https:\/\/www.oscarfaeh.ch\/wp-content\/themes\/oscarfaeh-theme\/assets\/static\/symbol-defs.svg#i-arrow-down\"><\/use>\n                                        <\/svg>\n                                    <\/span>\n                                <\/a>\n                                                    <\/div>\n                    <div class=\"contact\">\n    <div class=\"contact__inner\">\n        <img decoding=\"async\" width=\"170\" height=\"115\" src=\"https:\/\/www.oscarfaeh.ch\/wp-content\/uploads\/2024\/07\/AdobeStock_459097679-170x115.jpeg\" class=\"contact__img wp-post-image\" alt=\"\" srcset=\"https:\/\/www.oscarfaeh.ch\/wp-content\/uploads\/2024\/07\/AdobeStock_459097679-170x115.jpeg 170w, https:\/\/www.oscarfaeh.ch\/wp-content\/uploads\/2024\/07\/AdobeStock_459097679-300x203.jpeg 300w, https:\/\/www.oscarfaeh.ch\/wp-content\/uploads\/2024\/07\/AdobeStock_459097679-1024x694.jpeg 1024w, https:\/\/www.oscarfaeh.ch\/wp-content\/uploads\/2024\/07\/AdobeStock_459097679-768x520.jpeg 768w, https:\/\/www.oscarfaeh.ch\/wp-content\/uploads\/2024\/07\/AdobeStock_459097679-1536x1040.jpeg 1536w, https:\/\/www.oscarfaeh.ch\/wp-content\/uploads\/2024\/07\/AdobeStock_459097679-2048x1387.jpeg 2048w, https:\/\/www.oscarfaeh.ch\/wp-content\/uploads\/2024\/07\/AdobeStock_459097679-18x12.jpeg 18w, https:\/\/www.oscarfaeh.ch\/wp-content\/uploads\/2024\/07\/AdobeStock_459097679-1181x800.jpeg 1181w\" sizes=\"(max-width: 170px) 100vw, 170px\" \/>        <div class=\"contact__content\">\n            <div class=\"contact__title\">\n                <span class=\"contact__name\">\n                    <b>Service interne<\/b>                <\/span>\n                <span class=\"contact__func\">\n                    Pour les questions et les renseignements techniques                <\/span>\n            <\/div>\n            <div class=\"contact__links\">\n                <a class=\"contact__link\" href=\"tel:+41 58 810 08 10\">\n                    <svg class=\"icon i-kontakt\">\n                        <use xlink:href=\"https:\/\/www.oscarfaeh.ch\/wp-content\/themes\/oscarfaeh-theme\/assets\/static\/symbol-defs.svg#i-kontakt\"><\/use>\n                    <\/svg>\n                    +41 58 810 08 10                <\/a>\n                <a class=\"contact__link\" href=\"mailto:info(at)oscarfaeh.ch\">\n                    <svg class=\"icon i-mail\">\n                        <use xlink:href=\"https:\/\/www.oscarfaeh.ch\/wp-content\/themes\/oscarfaeh-theme\/assets\/static\/symbol-defs.svg#i-mail\"><\/use>\n                    <\/svg>\n                    <span>\n                    info(at)oscarfaeh.ch                <\/span>\n                <\/a>\n            <\/div>\n        <\/div>\n    <\/div>\n<\/div>                <\/div>\n            <\/div>\n        <\/section>\n\n        \t\t\t\t<\/div>\n\t\t\t\t<\/div>\n\t\t\t\t\t<\/div>\n\t\t<\/div>\n\t\t\t\t\t<\/div>\n\t\t<\/section>\n\t\t\t\t<\/div>","protected":false},"excerpt":{"rendered":"<p>Brandbek\u00e4mpfung Kompakte, effiziente High-End-L\u00f6schsysteme Die L\u00f6schtechnik von Oscar F\u00e4h f\u00fcr Motoren und Maschinen beruht auf einer Weiterentwicklung aus dem Bergbau. Neben der Materialeinsparung ist diese L\u00f6sung extrem kompakt und l\u00e4sst sich so auch auf kleinstem Raum optimal integrieren. Ausserdem ben\u00f6tigen die L\u00f6schanlagen f\u00fcr die Detektion und den L\u00f6schmitteleinsatz keine Fremdenergie. Die Systeme arbeiten autark und [&hellip;]<\/p>\n","protected":false},"author":1,"featured_media":0,"parent":0,"menu_order":0,"comment_status":"closed","ping_status":"closed","template":"","meta":{"_seopress_robots_primary_cat":"","_seopress_titles_title":"Brandbek\u00e4mpfung - Kompakte, effiziente High-End-L\u00f6schsysteme.","_seopress_titles_desc":"Die angewandte L\u00f6schtechnik von Oscar F\u00e4h ist ausgekl\u00fcgelt und kompakt. Und sie l\u00e4sst sich auf kleinstem Raum ideal integrieren. ","_seopress_robots_index":"","footnotes":""},"class_list":["post-1294","page","type-page","status-publish","hentry"],"_links":{"self":[{"href":"https:\/\/www.oscarfaeh.ch\/fr\/wp-json\/wp\/v2\/pages\/1294","targetHints":{"allow":["GET"]}}],"collection":[{"href":"https:\/\/www.oscarfaeh.ch\/fr\/wp-json\/wp\/v2\/pages"}],"about":[{"href":"https:\/\/www.oscarfaeh.ch\/fr\/wp-json\/wp\/v2\/types\/page"}],"author":[{"embeddable":true,"href":"https:\/\/www.oscarfaeh.ch\/fr\/wp-json\/wp\/v2\/users\/1"}],"replies":[{"embeddable":true,"href":"https:\/\/www.oscarfaeh.ch\/fr\/wp-json\/wp\/v2\/comments?post=1294"}],"version-history":[{"count":16,"href":"https:\/\/www.oscarfaeh.ch\/fr\/wp-json\/wp\/v2\/pages\/1294\/revisions"}],"predecessor-version":[{"id":2519,"href":"https:\/\/www.oscarfaeh.ch\/fr\/wp-json\/wp\/v2\/pages\/1294\/revisions\/2519"}],"wp:attachment":[{"href":"https:\/\/www.oscarfaeh.ch\/fr\/wp-json\/wp\/v2\/media?parent=1294"}],"curies":[{"name":"wp","href":"https:\/\/api.w.org\/{rel}","templated":true}]}}