{"id":695,"date":"2020-12-17T09:41:50","date_gmt":"2020-12-17T09:41:50","guid":{"rendered":"https:\/\/www.oscarfaeh.ch\/?page_id=695"},"modified":"2023-05-03T11:37:29","modified_gmt":"2023-05-03T11:37:29","slug":"loeschsysteme","status":"publish","type":"page","link":"https:\/\/www.oscarfaeh.ch\/en\/extinguishing-systems\/","title":{"rendered":"extinguishing systems"},"content":{"rendered":"\t\t<div data-elementor-type=\"wp-page\" data-elementor-id=\"695\" class=\"elementor elementor-695\" data-elementor-post-type=\"page\">\n\t\t\t\t\t\t<section class=\"elementor-section elementor-top-section elementor-element elementor-element-b56c5ef elementor-section-full_width elementor-section-height-default elementor-section-height-default\" data-id=\"b56c5ef\" data-element_type=\"section\" data-e-type=\"section\">\n\t\t\t\t\t\t<div class=\"elementor-container elementor-column-gap-no\">\n\t\t\t\t\t<div class=\"elementor-column elementor-col-100 elementor-top-column elementor-element elementor-element-e265f2b\" data-id=\"e265f2b\" data-element_type=\"column\" data-e-type=\"column\">\n\t\t\t<div class=\"elementor-widget-wrap elementor-element-populated\">\n\t\t\t\t\t\t<div class=\"elementor-element elementor-element-b72994e elementor-widget elementor-widget-WidgetSubpageHeader\" data-id=\"b72994e\" data-element_type=\"widget\" data-e-type=\"widget\" data-widget_type=\"WidgetSubpageHeader.default\">\n\t\t\t\t<div class=\"elementor-widget-container\">\n\t\t\t\t\t        <header class=\"subpage-header\">\n            <div class=\"subpage-header__inner container\">\n                <a href=\"https:\/\/www.oscarfaeh.ch\/en\" class=\"subpage-header__back-link\">\n                    <svg class=\"icon link__arrow i-pfeil-left\">\n                        <use xlink:href=\"https:\/\/www.oscarfaeh.ch\/wp-content\/themes\/oscarfaeh-theme\/assets\/static\/symbol-defs.svg#i-pfeil-left\"><\/use>\n                    <\/svg>\n                    zur\u00fcck                <\/a>\n                <div class=\"subpage-header__wrapper \">\n                    <div class=\"subpage-header__content\">\n                        <span class=\"section__subline\">Brandbek\u00e4mpfung<\/span>\n                        <h1 >Kompakte, effiziente High-End-L\u00f6schsysteme<\/h1>\n                        <p class=\"subpage-header__description\">Die L\u00f6schtechnik von Oscar F\u00e4h f\u00fcr Motoren und Maschinen beruht auf einer Weiterentwicklung aus dem Bergbau. Neben der Materialeinsparung ist diese L\u00f6sung extrem kompakt und l\u00e4sst sich so auch auf kleinstem Raum optimal integrieren. Ausserdem ben\u00f6tigen die L\u00f6schanlagen f\u00fcr die Detektion und den L\u00f6schmitteleinsatz keine Fremdenergie. Die Systeme arbeiten stark und sind im Betriebszustand drucklos.<\/p>\n                                                    <div class=\"subpage-header__links subpage-header__links--margin\">\n                                                                    <a href=\"#\" class=\"contact_toggle\">\n                                    <span class=\"contact__open\">\n                                        <svg class=\"icon i-person\">\n                                            <use xlink:href=\"https:\/\/www.oscarfaeh.ch\/wp-content\/themes\/oscarfaeh-theme\/assets\/static\/symbol-defs.svg#i-person\"><\/use>\n                                        <\/svg>\n                                        Kontakt                                    <\/span>\n                                        <span class=\"contact__close\" style=\"display: none\">\n                                        zuklappen                                        <svg class=\"icon i-arrow-down\">\n                                            <use xlink:href=\"https:\/\/www.oscarfaeh.ch\/wp-content\/themes\/oscarfaeh-theme\/assets\/static\/symbol-defs.svg#i-arrow-down\"><\/use>\n                                        <\/svg>\n                                    <\/span>\n                                    <\/a>\n                                                                    <a href=\"\">\n                                        Prospekt [PDF]                                        <svg class=\"icon link__arrow i-download icon-right\">\n                                            <use xlink:href=\"https:\/\/www.oscarfaeh.ch\/wp-content\/themes\/oscarfaeh-theme\/assets\/static\/symbol-defs.svg#i-download\"><\/use>\n                                        <\/svg>\n                                    <\/a>\n                                                            <\/div>\n                        <div class=\"contact\">\n    <div class=\"contact__inner\">\n        <img decoding=\"async\" width=\"170\" height=\"115\" src=\"https:\/\/www.oscarfaeh.ch\/wp-content\/uploads\/2024\/07\/AdobeStock_459097679-170x115.jpeg\" class=\"contact__img wp-post-image\" alt=\"\" srcset=\"https:\/\/www.oscarfaeh.ch\/wp-content\/uploads\/2024\/07\/AdobeStock_459097679-170x115.jpeg 170w, https:\/\/www.oscarfaeh.ch\/wp-content\/uploads\/2024\/07\/AdobeStock_459097679-300x203.jpeg 300w, https:\/\/www.oscarfaeh.ch\/wp-content\/uploads\/2024\/07\/AdobeStock_459097679-1024x694.jpeg 1024w, https:\/\/www.oscarfaeh.ch\/wp-content\/uploads\/2024\/07\/AdobeStock_459097679-768x520.jpeg 768w, https:\/\/www.oscarfaeh.ch\/wp-content\/uploads\/2024\/07\/AdobeStock_459097679-1536x1040.jpeg 1536w, https:\/\/www.oscarfaeh.ch\/wp-content\/uploads\/2024\/07\/AdobeStock_459097679-2048x1387.jpeg 2048w, https:\/\/www.oscarfaeh.ch\/wp-content\/uploads\/2024\/07\/AdobeStock_459097679-18x12.jpeg 18w, https:\/\/www.oscarfaeh.ch\/wp-content\/uploads\/2024\/07\/AdobeStock_459097679-1181x800.jpeg 1181w\" sizes=\"(max-width: 170px) 100vw, 170px\" \/>        <div class=\"contact__content\">\n            <div class=\"contact__title\">\n                <span class=\"contact__name\">\n                    <b>Innendienst<\/b>                <\/span>\n                <span class=\"contact__func\">\n                    F\u00fcr Fragen und technische Auskunft                <\/span>\n            <\/div>\n            <div class=\"contact__links\">\n                <a class=\"contact__link\" href=\"tel:+41 58 810 08 10\">\n                    <svg class=\"icon i-kontakt\">\n                        <use xlink:href=\"https:\/\/www.oscarfaeh.ch\/wp-content\/themes\/oscarfaeh-theme\/assets\/static\/symbol-defs.svg#i-kontakt\"><\/use>\n                    <\/svg>\n                    +41 58 810 08 10                <\/a>\n                <a class=\"contact__link\" href=\"mailto:info(at)oscarfaeh.ch\">\n                    <svg class=\"icon i-mail\">\n                        <use xlink:href=\"https:\/\/www.oscarfaeh.ch\/wp-content\/themes\/oscarfaeh-theme\/assets\/static\/symbol-defs.svg#i-mail\"><\/use>\n                    <\/svg>\n                    <span>\n                    info(at)oscarfaeh.ch                <\/span>\n                <\/a>\n            <\/div>\n        <\/div>\n    <\/div>\n<\/div>                    <\/div>\n                                            <div class=\"subpage-header__img-wrapper\">\n                            <img fetchpriority=\"high\" decoding=\"async\" width=\"1024\" height=\"791\" src=\"https:\/\/www.oscarfaeh.ch\/wp-content\/uploads\/2020\/12\/Loeschsystem_Strich_def.png\" class=\"subpage-header__img\" alt=\"L\u00f6schsystem\" style=\"width:151.66666666667%;\" srcset=\"https:\/\/www.oscarfaeh.ch\/wp-content\/uploads\/2020\/12\/Loeschsystem_Strich_def.png 1024w, https:\/\/www.oscarfaeh.ch\/wp-content\/uploads\/2020\/12\/Loeschsystem_Strich_def-300x232.png 300w, https:\/\/www.oscarfaeh.ch\/wp-content\/uploads\/2020\/12\/Loeschsystem_Strich_def-768x593.png 768w, https:\/\/www.oscarfaeh.ch\/wp-content\/uploads\/2020\/12\/Loeschsystem_Strich_def-16x12.png 16w, https:\/\/www.oscarfaeh.ch\/wp-content\/uploads\/2020\/12\/Loeschsystem_Strich_def-200x154.png 200w\" sizes=\"(max-width: 1024px) 100vw, 1024px\" \/>                        <\/div>\n                                    <\/div>\n                <div class=\"subpage-header__spacer\"><\/div>\n            <\/div>\n            <div class=\"subpage-header__gradient\"><\/div>\n        <\/header>\n\n        \t\t\t\t<\/div>\n\t\t\t\t<\/div>\n\t\t\t\t<div class=\"elementor-element elementor-element-30ece1f elementor-widget elementor-widget-WidgetCustomers\" data-id=\"30ece1f\" data-element_type=\"widget\" data-e-type=\"widget\" data-widget_type=\"WidgetCustomers.default\">\n\t\t\t\t<div class=\"elementor-widget-container\">\n\t\t\t\t\t        <section class=\"customer-logos\">\n            <div class=\"container\">\n                <span class=\"hero__subline\">Zusammenarbeit \u2013&nbsp;seit vielen Jahren<\/span>\n                <h1 >Unser Lieferant<\/h1>\n            <\/div>\n\n            <div class=\"container customer-logos__wrapper\">\n                                    <a class=\"customer-logos__link\"  target=\"_blank\" href=\"https:\/\/www.protecfire.de\/\">\n                        <img decoding=\"async\" class=\"customer-logos__logo\" src=\"https:\/\/www.oscarfaeh.ch\/wp-content\/uploads\/2020\/12\/Logo-Protecfire.svg\" alt=\"Protecfire\">\n                    <\/a>\n                            <\/div>\n        <\/section>\n\n        \t\t\t\t<\/div>\n\t\t\t\t<\/div>\n\t\t\t\t\t<\/div>\n\t\t<\/div>\n\t\t\t\t\t<\/div>\n\t\t<\/section>\n\t\t\t\t<\/div>\n\t\t","protected":false},"excerpt":{"rendered":"<p>zur\u00fcck Brandbek\u00e4mpfung Kompakte, effiziente High-End-L\u00f6schsysteme Die L\u00f6schtechnik von Oscar F\u00e4h f\u00fcr Motoren und Maschinen beruht auf einer Weiterentwicklung aus dem Bergbau. Neben der Materialeinsparung ist diese L\u00f6sung extrem kompakt und l\u00e4sst sich so auch auf kleinstem Raum optimal integrieren. Ausserdem ben\u00f6tigen die L\u00f6schanlagen f\u00fcr die Detektion und den L\u00f6schmitteleinsatz keine Fremdenergie. Die Systeme arbeiten stark [&hellip;]<\/p>\n","protected":false},"author":1,"featured_media":0,"parent":0,"menu_order":0,"comment_status":"closed","ping_status":"closed","template":"templates\/subpage.php","meta":{"_seopress_robots_primary_cat":"","_seopress_titles_title":"Brandbek\u00e4mpfung - Kompakte, effiziente High-End-L\u00f6schtechnik.","_seopress_titles_desc":"Die angewandte L\u00f6schtechnik von Oscar F\u00e4h ist ausgekl\u00fcgelt und kompakt. Brandbek\u00e4mpfung vom Feinsten und hoch wirksam. ","_seopress_robots_index":"","footnotes":""},"class_list":["post-695","page","type-page","status-publish","hentry"],"_links":{"self":[{"href":"https:\/\/www.oscarfaeh.ch\/en\/wp-json\/wp\/v2\/pages\/695","targetHints":{"allow":["GET"]}}],"collection":[{"href":"https:\/\/www.oscarfaeh.ch\/en\/wp-json\/wp\/v2\/pages"}],"about":[{"href":"https:\/\/www.oscarfaeh.ch\/en\/wp-json\/wp\/v2\/types\/page"}],"author":[{"embeddable":true,"href":"https:\/\/www.oscarfaeh.ch\/en\/wp-json\/wp\/v2\/users\/1"}],"replies":[{"embeddable":true,"href":"https:\/\/www.oscarfaeh.ch\/en\/wp-json\/wp\/v2\/comments?post=695"}],"version-history":[{"count":39,"href":"https:\/\/www.oscarfaeh.ch\/en\/wp-json\/wp\/v2\/pages\/695\/revisions"}],"predecessor-version":[{"id":3313,"href":"https:\/\/www.oscarfaeh.ch\/en\/wp-json\/wp\/v2\/pages\/695\/revisions\/3313"}],"wp:attachment":[{"href":"https:\/\/www.oscarfaeh.ch\/en\/wp-json\/wp\/v2\/media?parent=695"}],"curies":[{"name":"wp","href":"https:\/\/api.w.org\/{rel}","templated":true}]}}