{"id":2582,"date":"2021-02-12T11:31:47","date_gmt":"2021-02-12T11:31:47","guid":{"rendered":"https:\/\/www.oscarfaeh.ch\/?page_id=2582"},"modified":"2021-02-12T18:26:42","modified_gmt":"2021-02-12T18:26:42","slug":"news","status":"publish","type":"page","link":"https:\/\/www.oscarfaeh.ch\/en\/news\/","title":{"rendered":"News"},"content":{"rendered":"<div data-elementor-type=\"wp-page\" data-elementor-id=\"2582\" class=\"elementor elementor-2582\" data-elementor-post-type=\"page\">\n\t\t\t\t\t\t<section class=\"elementor-section elementor-top-section elementor-element elementor-element-15e4331 elementor-section-full_width elementor-section-height-default elementor-section-height-default\" data-id=\"15e4331\" data-element_type=\"section\" data-e-type=\"section\">\n\t\t\t\t\t\t<div class=\"elementor-container elementor-column-gap-no\">\n\t\t\t\t\t<div class=\"elementor-column elementor-col-100 elementor-top-column elementor-element elementor-element-34531eb\" data-id=\"34531eb\" data-element_type=\"column\" data-e-type=\"column\">\n\t\t\t<div class=\"elementor-widget-wrap elementor-element-populated\">\n\t\t\t\t\t\t<div class=\"elementor-element elementor-element-ec4e823 elementor-widget elementor-widget-WidgetNews\" data-id=\"ec4e823\" data-element_type=\"widget\" data-e-type=\"widget\" data-widget_type=\"WidgetNews.default\">\n\t\t\t\t<div class=\"elementor-widget-container\">\n\t\t\t\t\t        <header class=\"container news-header\">\n            <div class=\"news-header__content\">\n                <h1 >Sector news<\/h1>\n                <p >Stay up to date! If you want to get regular updates from us, you can subscribe to our newsletter.<\/p>\n                <a class=\"do-open-newsletter\" href=\"#\">\n                    Subscribe to Newsletter                    <svg class=\"icon link__arrow i-pfeil-right\">\n                        <use xlink:href=\"https:\/\/www.oscarfaeh.ch\/wp-content\/themes\/oscarfaeh-theme\/assets\/static\/symbol-defs.svg#i-pfeil-right\"><\/use>\n                    <\/svg>\n                <\/a>\n            <\/div>\n        <\/header>\n        <div class=\"news container\">\n            <div class=\"news__inner\">\n                \n<div class=\"single-news\">\n    <a class=\"single-news__inner\" href=\"https:\/\/www.oscarfaeh.ch\/en\/zertifizierung-nach-iso-90012015\/\">\n        <div class=\"single-news__header-wrapper\">\n            <div class=\"single-news__header\" style=\"background-image: url('https:\/\/www.oscarfaeh.ch\/wp-content\/uploads\/2025\/04\/Screenshot-2025-04-22-093801.jpg')\"><\/div>\n        <\/div>\n        <div class=\"single-news__content-wrapper\">\n            <div class=\"single-news__content\">\n                <h2>Certification according to ISO 9001:2015<\/h2>                <p>10109468_ISO 9001 Zertifikat Oscar F\u00e4h AG<\/p>\n                <span class=\"link\"> Read more\n                    <svg class=\"icon link__arrow i-pfeil-right\">\n                        <use xlink:href=\"https:\/\/www.oscarfaeh.ch\/wp-content\/themes\/oscarfaeh-theme\/assets\/static\/symbol-defs.svg#i-pfeil-right\"><\/use>\n                    <\/svg>\n                <\/span>\n            <\/div>\n        <\/div>\n    <\/a>\n<\/div>\n\n<div class=\"single-news\">\n    <a class=\"single-news__inner\" href=\"https:\/\/www.oscarfaeh.ch\/en\/zertifizierung-nach-en-15085-22020a12023\/\">\n        <div class=\"single-news__header-wrapper\">\n            <div class=\"single-news__header\" style=\"background-image: url('https:\/\/www.oscarfaeh.ch\/wp-content\/uploads\/2024\/09\/Screenshot-2024-09-30-163355.png')\"><\/div>\n        <\/div>\n        <div class=\"single-news__content-wrapper\">\n            <div class=\"single-news__content\">\n                <h2>Certification according to EN 15085-2:2020+A1:2023 \u2013 Another milestone for Oscar F\u00e4h AG<\/h2>                <p>Certificate_DE Certificate_EN JOINCERT (en15085.net) &nbsp;<\/p>\n                <span class=\"link\"> Read more\n                    <svg class=\"icon link__arrow i-pfeil-right\">\n                        <use xlink:href=\"https:\/\/www.oscarfaeh.ch\/wp-content\/themes\/oscarfaeh-theme\/assets\/static\/symbol-defs.svg#i-pfeil-right\"><\/use>\n                    <\/svg>\n                <\/span>\n            <\/div>\n        <\/div>\n    <\/a>\n<\/div>\n                <div class=\"post-page-1\" style=\"display: none\" data-more-posts-left=\"1\"><\/div>\n            <\/div>\n            <div class=\"news__loadmore-wrapper\">\n                <a class=\"loadmore\" >show more <svg class=\"icon i-arrow-down contact__close\"><use xlink:href=\"https:\/\/www.oscarfaeh.ch\/wp-content\/themes\/oscarfaeh-theme\/assets\/static\/symbol-defs.svg#i-arrow-down\"><\/use><\/svg><\/a>\n            <\/div>\n        <\/div>\n\n        \t\t\t\t<\/div>\n\t\t\t\t<\/div>\n\t\t\t\t\t<\/div>\n\t\t<\/div>\n\t\t\t\t\t<\/div>\n\t\t<\/section>\n\t\t\t\t<\/div>","protected":false},"excerpt":{"rendered":"<p>Branchen-News Wir halten Sie dem Laufenden! Falls Sie regelm\u00e4ssig von uns ein Update erhalten m\u00f6chten, k\u00f6nnen Sie unseren Newsletter abonnieren. Newsletter abonnieren &nbsp; &nbsp; Inaktivierung von \u00fcber 90% der Viren und Bakterien inkl. SARS-CoV-2 Atmen Sie durch und f\u00fchlen Sie sich frei mit der Kabinenl\u00f6sung UV Purifier Vent! Gepr\u00fcft auf grosse Sicherheit und mit wissenschaftlichem [&hellip;]<\/p>\n","protected":false},"author":1,"featured_media":0,"parent":0,"menu_order":0,"comment_status":"closed","ping_status":"closed","template":"","meta":{"_seopress_robots_primary_cat":"","_seopress_titles_title":"News von der Oscar F\u00e4h AG - stets aktuell informiert.","_seopress_titles_desc":"Ob neue Produkte oder Branchen-News - mit den Informationen von Oscar F\u00e4h sind Sie stets gut informiert.","_seopress_robots_index":"","footnotes":""},"class_list":["post-2582","page","type-page","status-publish","hentry"],"_links":{"self":[{"href":"https:\/\/www.oscarfaeh.ch\/en\/wp-json\/wp\/v2\/pages\/2582","targetHints":{"allow":["GET"]}}],"collection":[{"href":"https:\/\/www.oscarfaeh.ch\/en\/wp-json\/wp\/v2\/pages"}],"about":[{"href":"https:\/\/www.oscarfaeh.ch\/en\/wp-json\/wp\/v2\/types\/page"}],"author":[{"embeddable":true,"href":"https:\/\/www.oscarfaeh.ch\/en\/wp-json\/wp\/v2\/users\/1"}],"replies":[{"embeddable":true,"href":"https:\/\/www.oscarfaeh.ch\/en\/wp-json\/wp\/v2\/comments?post=2582"}],"version-history":[{"count":7,"href":"https:\/\/www.oscarfaeh.ch\/en\/wp-json\/wp\/v2\/pages\/2582\/revisions"}],"predecessor-version":[{"id":3513,"href":"https:\/\/www.oscarfaeh.ch\/en\/wp-json\/wp\/v2\/pages\/2582\/revisions\/3513"}],"wp:attachment":[{"href":"https:\/\/www.oscarfaeh.ch\/en\/wp-json\/wp\/v2\/media?parent=2582"}],"curies":[{"name":"wp","href":"https:\/\/api.w.org\/{rel}","templated":true}]}}