{"id":2130,"date":"2021-01-22T07:22:51","date_gmt":"2021-01-22T07:22:51","guid":{"rendered":"https:\/\/www.oscarfaeh.ch\/?page_id=2130"},"modified":"2021-03-29T06:33:06","modified_gmt":"2021-03-29T06:33:06","slug":"engineering","status":"publish","type":"page","link":"https:\/\/www.oscarfaeh.ch\/en\/engineering\/","title":{"rendered":"Engineering"},"content":{"rendered":"<div data-elementor-type=\"wp-page\" data-elementor-id=\"2130\" class=\"elementor elementor-2130\" data-elementor-post-type=\"page\">\n\t\t\t\t\t\t<section class=\"elementor-section elementor-top-section elementor-element elementor-element-fcdb376 elementor-section-full_width elementor-section-height-default elementor-section-height-default\" data-id=\"fcdb376\" data-element_type=\"section\" data-e-type=\"section\">\n\t\t\t\t\t\t<div class=\"elementor-container elementor-column-gap-no\">\n\t\t\t\t\t<div class=\"elementor-column elementor-col-100 elementor-top-column elementor-element elementor-element-ececc30\" data-id=\"ececc30\" data-element_type=\"column\" data-e-type=\"column\">\n\t\t\t<div class=\"elementor-widget-wrap elementor-element-populated\">\n\t\t\t\t\t\t<div class=\"elementor-element elementor-element-f0d6fe7 elementor-widget elementor-widget-WidgetAboutUsHeader\" data-id=\"f0d6fe7\" data-element_type=\"widget\" data-e-type=\"widget\" data-widget_type=\"WidgetAboutUsHeader.default\">\n\t\t\t\t<div class=\"elementor-widget-container\">\n\t\t\t\t\t        <header class=\"subpage-header--aboutus\">\n            <div class=\"subpage-header__inner container\">\n                <div class=\"subpage-header__wrapper\">\n                    <div class=\"subpage-header__content subpage-header__content--wide\">\n                        <span class=\"section__subline\">We have the solution!<\/span>\n                        <h1 >If you have a problem you cannot solve, we can help.<\/h1>\n                        <p class=\"subpage-header__description\">Needs and requirements are ever changing and require flexibility. Our practical employees are well prepared for the challenges of tomorrow. For a strong partner by your side, choose Oscar F\u00e4h. Whether seat, air conditioning or filter technology or e-mobility, we will find the right solution for you.<\/p>\n                    <\/div>\n\t\t\t\t\t<style>\n\t\t\t\t\t\t.virtual-tour {\n\t\t\t\t\t\t\theight: 521px;\n\t\t\t\t\t\t\twidth: auto;\n\t\t\t\t\t\t}\n\t\t\t\t\t\t.virtual-tour iframe {\n\t\t\t\t\t\t\tposition: absolute;\n\t\t\t\t\t\t\ttop: 0;\n\t\t\t\t\t\t\tmax-width: 774px;\n\t\t\t\t\t\t\tflex: 1 1 619px;\n\t\t\t\t\t\t\tborder-radius: 5px 120px;\n\t\t\t\t\t\t\tmargin-left: auto;\n\t\t\t\t\t\t\tright: 0;\n\t\t\t\t\t\t}\n\t\t\t\t\t\t.subpage-header__img {\n\t\t\t\t\t\t\tborder-radius: 5px 120px !important;\n\t\t\t\t\t\t\tmax-height: 500px !important;\n\t\t\t\t\t\t}\n\t\t\t\t\t<\/style>\n\t\t\t\t\t<div class=\"subpage-header__img virtual-tour\" id=\"FAj2Q9zs1\">\n\t\t\t\t\t\t\t\t\t\t\t\t<script type=\"text\/javascript\" async data-short=\"FAj2Q9zs1?disable=controls\" data-path=\"tours\" width=\"100%\" height=\"500px\" src=\"https:\/\/app.cloudpano.com\/public\/shareScript.js\"><\/script>\n\t\t\t\t\t<\/div>\n                <\/div>\n            <\/div>\n        <\/header>\n\n        \t\t\t\t<\/div>\n\t\t\t\t<\/div>\n\t\t\t\t<div class=\"elementor-element elementor-element-579b788 elementor-widget elementor-widget-WidgetSectionCards\" data-id=\"579b788\" data-element_type=\"widget\" data-e-type=\"widget\" data-widget_type=\"WidgetSectionCards.default\">\n\t\t\t\t<div class=\"elementor-widget-container\">\n\t\t\t\t\t        <section class=\"container section-cards\">\n            <div class=\"section-cards__image-card section-cards__image-card--background-image\">\n                <div class=\"section-cards__image-wrapper\">\n                                    <\/div>\n            <\/div>\n            <div class=\"section-cards__content-card\">\n                <a class=\"do-close-overlay section-cards__close\" href=\"#\"><span class=\"bar-1\"><\/span><span class=\"bar-2\"><\/span><\/a>\n                <div class=\"section-cards__content\">\n                    <span class=\"section__subline\">Seat technology solutions<\/span>\n                    <h1 class=\"section__title\">Control from an ergonomic seat<\/h1>\n                    <p >Arriving safely at your destination depends on the person behind the steering wheel. An Oscar F\u00e4h conversion allows full control without having to leave the seat, ensuring the driver is not distracted from the task at hand. The ergonomic driver\u2019s seat is custom adjustable too, and tailored to every need. A novel Oscar F\u00e4h solution that meets a need never before fulfilled by a standard driver\u2019s seat solution. <\/p>\n                                            <div class=\"section-cards__links section-cards__links--margin\">\n                                                            <a href=\"#\" class=\"contact_toggle\">\n                                    <span class=\"contact__open\">\n                                        <svg class=\"icon i-person\">\n                                            <use xlink:href=\"https:\/\/www.oscarfaeh.ch\/wp-content\/themes\/oscarfaeh-theme\/assets\/static\/symbol-defs.svg#i-person\"><\/use>\n                                        <\/svg>\n                                        Contact                                    <\/span>\n                                    <span class=\"contact__close\" style=\"display: none\">\n                                        close                                        <svg class=\"icon i-arrow-down\">\n                                            <use xlink:href=\"https:\/\/www.oscarfaeh.ch\/wp-content\/themes\/oscarfaeh-theme\/assets\/static\/symbol-defs.svg#i-arrow-down\"><\/use>\n                                        <\/svg>\n                                    <\/span>\n                                <\/a>\n                                                    <\/div>\n                                    <\/div>\n            <\/div>\n        <\/section>\n\n        \t\t\t\t<\/div>\n\t\t\t\t<\/div>\n\t\t\t\t<div class=\"elementor-element elementor-element-738f341 elementor-widget elementor-widget-WidgetSectionCards\" data-id=\"738f341\" data-element_type=\"widget\" data-e-type=\"widget\" data-widget_type=\"WidgetSectionCards.default\">\n\t\t\t\t<div class=\"elementor-widget-container\">\n\t\t\t\t\t        <section class=\"container section-cards section-cards--reverse\">\n            <div class=\"section-cards__image-card section-cards__image-card--background-image\">\n                <div class=\"section-cards__image-wrapper\">\n                                    <\/div>\n            <\/div>\n            <div class=\"section-cards__content-card\">\n                <a class=\"do-close-overlay section-cards__close\" href=\"#\"><span class=\"bar-1\"><\/span><span class=\"bar-2\"><\/span><\/a>\n                <div class=\"section-cards__content\">\n                    <span class=\"section__subline\">Solutions for rail transport<\/span>\n                    <h1 class=\"section__title\">Swiss Federal Railways use seats from Oscar F\u00e4h<\/h1>\n                    <p >Almost all driver cabins on Swiss Federal Railways are equipped with a driver\u2019s seat from Oscar F\u00e4h. And, as if that weren\u2019t enough, we are working with SBB on the development of new solutions to improve the health of drivers and, by extension, efficiency.<\/p>\n                                            <div class=\"section-cards__links section-cards__links--margin\">\n                                                            <a href=\"#\" class=\"contact_toggle\">\n                                    <span class=\"contact__open\">\n                                        <svg class=\"icon i-person\">\n                                            <use xlink:href=\"https:\/\/www.oscarfaeh.ch\/wp-content\/themes\/oscarfaeh-theme\/assets\/static\/symbol-defs.svg#i-person\"><\/use>\n                                        <\/svg>\n                                        Contact                                    <\/span>\n                                    <span class=\"contact__close\" style=\"display: none\">\n                                        close                                        <svg class=\"icon i-arrow-down\">\n                                            <use xlink:href=\"https:\/\/www.oscarfaeh.ch\/wp-content\/themes\/oscarfaeh-theme\/assets\/static\/symbol-defs.svg#i-arrow-down\"><\/use>\n                                        <\/svg>\n                                    <\/span>\n                                <\/a>\n                                                    <\/div>\n                    <div class=\"contact\">\n    <div class=\"contact__inner\">\n        <img decoding=\"async\" width=\"170\" height=\"170\" src=\"https:\/\/www.oscarfaeh.ch\/wp-content\/uploads\/2025\/02\/Web-Bild-3-170x170.jpg\" class=\"contact__img wp-post-image\" alt=\"\" srcset=\"https:\/\/www.oscarfaeh.ch\/wp-content\/uploads\/2025\/02\/Web-Bild-3-170x170.jpg 170w, https:\/\/www.oscarfaeh.ch\/wp-content\/uploads\/2025\/02\/Web-Bild-3-300x300.jpg 300w, https:\/\/www.oscarfaeh.ch\/wp-content\/uploads\/2025\/02\/Web-Bild-3-1024x1024.jpg 1024w, https:\/\/www.oscarfaeh.ch\/wp-content\/uploads\/2025\/02\/Web-Bild-3-150x150.jpg 150w, https:\/\/www.oscarfaeh.ch\/wp-content\/uploads\/2025\/02\/Web-Bild-3-768x768.jpg 768w, https:\/\/www.oscarfaeh.ch\/wp-content\/uploads\/2025\/02\/Web-Bild-3-1536x1536.jpg 1536w, https:\/\/www.oscarfaeh.ch\/wp-content\/uploads\/2025\/02\/Web-Bild-3-2048x2048.jpg 2048w, https:\/\/www.oscarfaeh.ch\/wp-content\/uploads\/2025\/02\/Web-Bild-3-12x12.jpg 12w, https:\/\/www.oscarfaeh.ch\/wp-content\/uploads\/2025\/02\/Web-Bild-3-800x800.jpg 800w\" sizes=\"(max-width: 170px) 100vw, 170px\" \/>        <div class=\"contact__content\">\n            <div class=\"contact__title\">\n                <span class=\"contact__name\">\n                    <b>Nunzio Tempone<\/b>                <\/span>\n                <span class=\"contact__func\">\n                    General Director                <\/span>\n            <\/div>\n            <div class=\"contact__links\">\n                <a class=\"contact__link\" href=\"tel:+41 58 810 08 17\">\n                    <svg class=\"icon i-kontakt\">\n                        <use xlink:href=\"https:\/\/www.oscarfaeh.ch\/wp-content\/themes\/oscarfaeh-theme\/assets\/static\/symbol-defs.svg#i-kontakt\"><\/use>\n                    <\/svg>\n                    +41 58 810 08 17                <\/a>\n                <a class=\"contact__link\" href=\"mailto:nunzio.tempone(at)oscarfaeh.ch\">\n                    <svg class=\"icon i-mail\">\n                        <use xlink:href=\"https:\/\/www.oscarfaeh.ch\/wp-content\/themes\/oscarfaeh-theme\/assets\/static\/symbol-defs.svg#i-mail\"><\/use>\n                    <\/svg>\n                    <span>\n                    nunzio.tempone(at)oscarfaeh.ch                <\/span>\n                <\/a>\n            <\/div>\n        <\/div>\n    <\/div>\n<\/div>                <\/div>\n            <\/div>\n        <\/section>\n\n        \t\t\t\t<\/div>\n\t\t\t\t<\/div>\n\t\t\t\t<div class=\"elementor-element elementor-element-c30ba07 elementor-widget elementor-widget-WidgetSectionCards\" data-id=\"c30ba07\" data-element_type=\"widget\" data-e-type=\"widget\" data-widget_type=\"WidgetSectionCards.default\">\n\t\t\t\t<div class=\"elementor-widget-container\">\n\t\t\t\t\t        <section class=\"container section-cards\">\n            <div class=\"section-cards__image-card section-cards__image-card--background-image\">\n                <div class=\"section-cards__image-wrapper\">\n                                    <\/div>\n            <\/div>\n            <div class=\"section-cards__content-card\">\n                <a class=\"do-close-overlay section-cards__close\" href=\"#\"><span class=\"bar-1\"><\/span><span class=\"bar-2\"><\/span><\/a>\n                <div class=\"section-cards__content\">\n                    <span class=\"section__subline\">Extinguishing technology solutions<\/span>\n                    <h1 class=\"section__title\">Oscar F\u00e4h\u2019s fire service ensures safety in the engine compartment<\/h1>\n                    <p >Any engine can overheat. To prevent damage to people and vehicles, Oscar F\u00e4h has designed a tailored solution for preventing fire in engine compartments. Our innovative new developments in the field of extinguishing technology have already proven their worth in practical use, e.g. in all SwissAlpin buses from Hess AG.<\/p>\n                                            <div class=\"section-cards__links section-cards__links--margin\">\n                                                            <a href=\"#\" class=\"contact_toggle\">\n                                    <span class=\"contact__open\">\n                                        <svg class=\"icon i-person\">\n                                            <use xlink:href=\"https:\/\/www.oscarfaeh.ch\/wp-content\/themes\/oscarfaeh-theme\/assets\/static\/symbol-defs.svg#i-person\"><\/use>\n                                        <\/svg>\n                                        Contact                                    <\/span>\n                                    <span class=\"contact__close\" style=\"display: none\">\n                                        close                                        <svg class=\"icon i-arrow-down\">\n                                            <use xlink:href=\"https:\/\/www.oscarfaeh.ch\/wp-content\/themes\/oscarfaeh-theme\/assets\/static\/symbol-defs.svg#i-arrow-down\"><\/use>\n                                        <\/svg>\n                                    <\/span>\n                                <\/a>\n                                                    <\/div>\n                                    <\/div>\n            <\/div>\n        <\/section>\n\n        \t\t\t\t<\/div>\n\t\t\t\t<\/div>\n\t\t\t\t\t<\/div>\n\t\t<\/div>\n\t\t\t\t\t<\/div>\n\t\t<\/section>\n\t\t\t\t<\/div>","protected":false},"excerpt":{"rendered":"<p>Wir haben die L\u00f6sung Wer etwas braucht, das es noch nicht gibt, kommt zu uns. Bed\u00fcrfnisse und Anforderungen wandeln sich permanent und erfordern Flexibilit\u00e4t. Unsere praxisorientierten Mitarbeiter sind auf die k\u00fcnftigen Herausforderungen bestens vorbereitet. Mit Oscar F\u00e4h haben Sie einen starken Partner an Ihrer Seite. In der Sitz-, Klima- oder Filtertechnik sowie in der E-Mobilit\u00e4t [&hellip;]<\/p>\n","protected":false},"author":1,"featured_media":0,"parent":0,"menu_order":0,"comment_status":"closed","ping_status":"closed","template":"","meta":{"_seopress_robots_primary_cat":"","_seopress_titles_title":"Engineering - Wir haben die L\u00f6sung. ","_seopress_titles_desc":"Wer etwas braucht, dass es noch nicht gibt, kommt zu uns. Ob L\u00f6sungen im Bereich der Sitz und Sitztechnik sowie L\u00f6schtechnik. Bei uns sind Sie in guten H\u00e4nden.","_seopress_robots_index":"","footnotes":""},"class_list":["post-2130","page","type-page","status-publish","hentry"],"_links":{"self":[{"href":"https:\/\/www.oscarfaeh.ch\/en\/wp-json\/wp\/v2\/pages\/2130","targetHints":{"allow":["GET"]}}],"collection":[{"href":"https:\/\/www.oscarfaeh.ch\/en\/wp-json\/wp\/v2\/pages"}],"about":[{"href":"https:\/\/www.oscarfaeh.ch\/en\/wp-json\/wp\/v2\/types\/page"}],"author":[{"embeddable":true,"href":"https:\/\/www.oscarfaeh.ch\/en\/wp-json\/wp\/v2\/users\/1"}],"replies":[{"embeddable":true,"href":"https:\/\/www.oscarfaeh.ch\/en\/wp-json\/wp\/v2\/comments?post=2130"}],"version-history":[{"count":52,"href":"https:\/\/www.oscarfaeh.ch\/en\/wp-json\/wp\/v2\/pages\/2130\/revisions"}],"predecessor-version":[{"id":2828,"href":"https:\/\/www.oscarfaeh.ch\/en\/wp-json\/wp\/v2\/pages\/2130\/revisions\/2828"}],"wp:attachment":[{"href":"https:\/\/www.oscarfaeh.ch\/en\/wp-json\/wp\/v2\/media?parent=2130"}],"curies":[{"name":"wp","href":"https:\/\/api.w.org\/{rel}","templated":true}]}}