{"id":1503,"date":"2021-01-05T16:20:50","date_gmt":"2021-01-05T16:20:50","guid":{"rendered":"https:\/\/www.oscarfaeh.ch\/?page_id=1503"},"modified":"2023-05-01T07:33:58","modified_gmt":"2023-05-01T07:33:58","slug":"impressum","status":"publish","type":"page","link":"https:\/\/www.oscarfaeh.ch\/en\/imprint\/","title":{"rendered":"Imprint"},"content":{"rendered":"<div data-elementor-type=\"wp-page\" data-elementor-id=\"1503\" class=\"elementor elementor-1503\" data-elementor-post-type=\"page\">\n\t\t\t\t\t\t<section class=\"elementor-section elementor-top-section elementor-element elementor-element-3dcaa929 elementor-section-boxed elementor-section-height-default elementor-section-height-default\" data-id=\"3dcaa929\" data-element_type=\"section\" data-e-type=\"section\">\n\t\t\t\t\t\t<div class=\"elementor-container elementor-column-gap-default\">\n\t\t\t\t\t<div class=\"elementor-column elementor-col-100 elementor-top-column elementor-element elementor-element-7d398f69\" data-id=\"7d398f69\" data-element_type=\"column\" data-e-type=\"column\">\n\t\t\t<div class=\"elementor-widget-wrap elementor-element-populated\">\n\t\t\t\t\t\t<div class=\"elementor-element elementor-element-590d4c63 elementor-widget elementor-widget-text-editor\" data-id=\"590d4c63\" data-element_type=\"widget\" data-e-type=\"widget\" data-widget_type=\"text-editor.default\">\n\t\t\t\t<div class=\"elementor-widget-container\">\n\t\t\t\t\t\t\t\t\t<p>\u00a0<\/p><p><strong><strong>OSCAR F\u00c4H AG<\/strong><\/strong><br \/>Sandackerstrasse 28<br \/>CH-9245 Oberb\u00fcren<\/p><p>Tel: +41 58 810 0 810<br \/><a href=\"mailto:info@oscarfaeh.ch\" target=\"_blank\" rel=\"noopener\">info@oscarfaeh.ch<\/a><\/p><p>VAT number: CHE-107.794.815<\/p><p><strong><strong>Concept, design and development<\/strong><\/strong><br \/>Mosaix AG<br \/><a href=\"https:\/\/www.mosaix.ch\/\" target=\"_blank\" rel=\"noopener\">mosaix.ch<\/a><\/p>\t\t\t\t\t\t\t\t<\/div>\n\t\t\t\t<\/div>\n\t\t\t\t\t<\/div>\n\t\t<\/div>\n\t\t\t\t\t<\/div>\n\t\t<\/section>\n\t\t\t\t<\/div>","protected":false},"excerpt":{"rendered":"<p>OSCAR F\u00c4H AG Sandackerstrasse 28 CH-9245 Oberb\u00fcren Tel: +41 58 810 0 810 info@oscarfaeh.ch VAT number: CHE-107.794.815 VAT concept, design and development Mosaix AG mosaix.ch<\/p>","protected":false},"author":1,"featured_media":3252,"parent":0,"menu_order":0,"comment_status":"closed","ping_status":"closed","template":"templates\/agb.php","meta":{"_seopress_robots_primary_cat":"","_seopress_titles_title":"Oscar F\u00e4h - Impressum f\u00fcr unsere Website.","_seopress_titles_desc":"Oscar F\u00e4h AG, Oberb\u00fcren, info@oscarfaeh.ch. Gesch\u00e4ftsf\u00fchrer: Herr Daniel F\u00e4h.\r\nKonzept, Design und Entwicklung: Mosaix AG, https:\/\/www.mosaix.ch\/.","_seopress_robots_index":"","footnotes":""},"class_list":["post-1503","page","type-page","status-publish","has-post-thumbnail","hentry"],"_links":{"self":[{"href":"https:\/\/www.oscarfaeh.ch\/en\/wp-json\/wp\/v2\/pages\/1503","targetHints":{"allow":["GET"]}}],"collection":[{"href":"https:\/\/www.oscarfaeh.ch\/en\/wp-json\/wp\/v2\/pages"}],"about":[{"href":"https:\/\/www.oscarfaeh.ch\/en\/wp-json\/wp\/v2\/types\/page"}],"author":[{"embeddable":true,"href":"https:\/\/www.oscarfaeh.ch\/en\/wp-json\/wp\/v2\/users\/1"}],"replies":[{"embeddable":true,"href":"https:\/\/www.oscarfaeh.ch\/en\/wp-json\/wp\/v2\/comments?post=1503"}],"version-history":[{"count":31,"href":"https:\/\/www.oscarfaeh.ch\/en\/wp-json\/wp\/v2\/pages\/1503\/revisions"}],"predecessor-version":[{"id":3262,"href":"https:\/\/www.oscarfaeh.ch\/en\/wp-json\/wp\/v2\/pages\/1503\/revisions\/3262"}],"wp:featuredmedia":[{"embeddable":true,"href":"https:\/\/www.oscarfaeh.ch\/en\/wp-json\/wp\/v2\/media\/3252"}],"wp:attachment":[{"href":"https:\/\/www.oscarfaeh.ch\/en\/wp-json\/wp\/v2\/media?parent=1503"}],"curies":[{"name":"wp","href":"https:\/\/api.w.org\/{rel}","templated":true}]}}