{"id":1499,"date":"2021-01-05T16:08:19","date_gmt":"2021-01-05T16:08:19","guid":{"rendered":"https:\/\/www.oscarfaeh.ch\/?page_id=1499"},"modified":"2025-10-10T14:21:35","modified_gmt":"2025-10-10T14:21:35","slug":"allgemeine-geschaeftsbedingungen","status":"publish","type":"page","link":"https:\/\/www.oscarfaeh.ch\/en\/general-terms-conditions\/","title":{"rendered":"General Terms and Conditions"},"content":{"rendered":"<div data-elementor-type=\"wp-page\" data-elementor-id=\"1499\" class=\"elementor elementor-1499\" data-elementor-post-type=\"page\">\n\t\t\t\t\t\t<section class=\"elementor-section elementor-top-section elementor-element elementor-element-1354b4fd elementor-section-boxed elementor-section-height-default elementor-section-height-default\" data-id=\"1354b4fd\" data-element_type=\"section\" data-e-type=\"section\">\n\t\t\t\t\t\t<div class=\"elementor-container elementor-column-gap-default\">\n\t\t\t\t\t<div class=\"elementor-column elementor-col-100 elementor-top-column elementor-element elementor-element-3d3215e\" data-id=\"3d3215e\" data-element_type=\"column\" data-e-type=\"column\">\n\t\t\t<div class=\"elementor-widget-wrap elementor-element-populated\">\n\t\t\t\t\t\t<div class=\"elementor-element elementor-element-1c32098b elementor-widget elementor-widget-text-editor\" data-id=\"1c32098b\" data-element_type=\"widget\" data-e-type=\"widget\" data-widget_type=\"text-editor.default\">\n\t\t\t\t<div class=\"elementor-widget-container\">\n\t\t\t\t\t\t\t\t\t<p>All deliveries made by Oscar F\u00e4h AG are made exclusively on the basis of these General Terms and Conditions of Sale and Delivery, the content of which is deemed to have been accepted on the issue of the order, in particular with regard to the acceptance of quotes, order confirmations and invoices from Oscar F\u00e4h AG. Any subsidiary agreements must be made in writing. Any deviating, contradictory or supplementary General Terms and Conditions or other agreements on the part of the customer can only be made contractually binding if their validity has been explicitly accepted by Oscar F\u00e4h AG.<\/p>\n<p><\/p>\n<h2>Prices<\/h2>\n<p>The prices quoted will only become binding once the qualities and quantities quoted have also been accepted. Prices are calculated on the basis of the actual costs involved as per the date of quotation. Oscar F\u00e4h AG reserves the right to adjust its prices in line with new circumstances in the event of a significant change in cost factors for deliveries not yet carried out. All quotes are provided without obligation, and only become binding on the part of Oscar F\u00e4h AG once confirmed. Prices are quoted exclusive of VAT.<\/p>\n<p><\/p>\n<h2>Transport, postage, packaging and small quantity surcharges<\/h2>\n<p>Die Lieferung erfolgt in der Regel ab dem Domizil der Oscar F\u00e4h AG, wobei die Frachtkosten in der Faktura dem Kunden offen verrechnet werden. Die Spedition wird gem\u00e4ss den Angaben des Kunden ausgef\u00fchrt, andernfalls auf dem f\u00fcr den Kunden g\u00fcnstigsten und schnellsten Weg.&nbsp;<\/p>\n<p><\/p>\n<h2>Framework agreements<\/h2>\n<p>The following conditions apply in the case of framework agreements:<\/p>\n<ul>\n<li>Duration: 12 months following the initial delivery, no longer than 14 following the order.<\/li>\n<li>If the duration is exceeded, a price surcharge of 12% is added to the invoice amount for storage and logistics costs.<\/li>\n<li>The storage of the goods must not last more than six months longer than the agreed duration.<\/li>\n<li>The goods will then be delivered to the customer\u2019s delivery address at an adjusted cost.<\/li>\n<\/ul>\n<h2>Use and risk<\/h2>\n<p>The use and risk of the goods pass to the customer on departure of the delivery from the Oscar F\u00e4h AG headquarters. Shipments subject to transport damage must be accepted under reserve, and reported to the relevant transport company within the statutory deadline for the purpose of ascertainment of facts.<\/p>\n<p><\/p>\n<h2>Return of goods<\/h2>\n<p>Ordered and correctly delivered goods are can only be returned following prior arrangement by telephone and within 10 days of the delivery date. The goods must be in original condition, and must be returned in their original packaging together with the delivery documents, and delivered free to Oscar F\u00e4h AG. Oscar F\u00e4h AG reserves the right to deduct up to 30% of the value of the goods when crediting the payment amount to cover the cost of returning the goods to storage. Returns of goods manufactured and\/or ordered especially for the customer will not be accepted.<\/p>\n<p><\/p>\n<h2>Custom-designed products<\/h2>\n<p>In the case of orders not based on listed or quoted prices, the customer will acknowledge the price only once the result is complete. Moulds and tools that have been manufactured will remain the property of Oscar F\u00e4h AG. In the case of custom-designed products (series production), Oscar F\u00e4h AG is entitled to carry out production-related under\/over-deliveries of up to 10%.<\/p>\n<p><\/p>\n<h2>Scope of delivery obligation<\/h2>\n<p>While the scheduled delivery date is non-binding, Oscar F\u00e4h AG will do its utmost to comply. In the event of force majeure or other circumstances not caused by Oscar F\u00e4h AG, the latter does not accept any responsibility for non-delivery or late deliveries. Force majeure is considered above all to be the complete or partial shutdown of suppliers\u2019 plants, mobilisation, war, strike, fire, enforcement of import bans and quotas or a significant increase in import duties.<\/p>\n<p><\/p>\n<h2>Payments<\/h2>\n<p>Unless otherwise agreed, invoices are to be paid strictly net within 30 days of the date of issue. On conclusion of this 30-day period, Oscar F\u00e4h AG will be entitled to charge the customer default interest, expenses and collection costs, in addition to internal costs at CHF 150\/hour.<\/p>\n<p><\/p>\n<h2>Reservation of ownership<\/h2>\n<p>The material delivered by Oscar F\u00e4h AG will remain in its ownership until the full payment of the agreed purchase price has been made. By signing the purchase agreement, the customer authorises Oscar F\u00e4h AG to take all measures necessary to establish its reservation of ownership, in particular to enter this reservation in the corresponding register without the customer\u2019s involvement.<\/p>\n<p><\/p>\n<h2>Warranty and quality assessment<\/h2>\n<p>Oscar F\u00e4h AG only accepts liability for the quality of its goods insofar as it is able to respond to manufacturing or material errors within its statutory guarantee obligations based on its own free choice by means of repair work or a substitute delivery. Any entitlement to damages, cancellation of the purchase or a reduction in the purchase price is excluded. Any complaints of defects must be submitted in writing without delay on receipt of the goods, but no later than eight days following the delivery of the goods. In the event of hidden defects, the complaint must be submitted without delay following discovery.<\/p>\n<p><\/p>\n<h2>Guarantee<\/h2>\n<p>In view of the wide range of possible applications that are not within the control of Oscar F\u00e4h AG, the company cannot provide a guarantee for the lifespan of its products. The guarantee provided by the manufacturer also applies to parts sold by Oscar F\u00e4h AG.<\/p>\n<p><\/p>\n<h2>Copyright, patent and trademark protection<\/h2>\n<p>All patent, trademark and other protection rights, as well as the expertise and practical know-how demonstrated in drawings and descriptions will remain the property of Oscar F\u00e4h AG. Such material must not be reproduced, used or passed on to third parties without explicit permission.<\/p>\n<p><\/p>\n<h2>Place of jurisdiction<\/h2>\n<p>The courts located at the headquarters of Oscar F\u00e4h AG are exclusively responsible for any disputes arising from contractual relationships between Oscar F\u00e4h AG and its customers. Swiss law will apply exclusively, with the exception of the Vienna Convention (United Nations Convention on Contracts for the International Sale of Goods (CISG) of 11 April 1980).<\/p>\n<p>Oberb\u00fcren, 13 March 2017\/GL<\/p>\t\t\t\t\t\t\t\t<\/div>\n\t\t\t\t<\/div>\n\t\t\t\t\t<\/div>\n\t\t<\/div>\n\t\t\t\t\t<\/div>\n\t\t<\/section>\n\t\t\t\t<\/div>","protected":false},"excerpt":{"rendered":"<p>S\u00e4mtliche Lieferungen der Oscar F\u00e4h AG erfolgen ausschliesslich zu diesen Allgemeinen Verkaufs- und Lieferbedingungen, deren Inhalt bei Auftragserteilung und im Besonderen mit der Annahme der Offerten, Auftragsbest\u00e4tigungen, Fakturen der Oscar F\u00e4h AG als akzeptiert gilt. Nebenabreden bed\u00fcrfen der schriftlichen Form.Abweichende, entgegenstehende oder erg\u00e4nzende Allgemeine Gesch\u00e4ftsbedingungen oder sonstige Vereinbarungen des Kunden werden nur dann und insoweit [&hellip;]<\/p>\n","protected":false},"author":1,"featured_media":1501,"parent":0,"menu_order":0,"comment_status":"closed","ping_status":"closed","template":"templates\/agb.php","meta":{"_seopress_robots_primary_cat":"","_seopress_titles_title":"Oscar F\u00e4h AG - Allgemeine Gesch\u00e4ftsbedingungen","_seopress_titles_desc":"Allgemeine Gesch\u00e4ftsbedingungen der Oscar F\u00e4h AG Oberb\u00fcren vom 13.03.2017.","_seopress_robots_index":"","footnotes":""},"class_list":["post-1499","page","type-page","status-publish","has-post-thumbnail","hentry"],"_links":{"self":[{"href":"https:\/\/www.oscarfaeh.ch\/en\/wp-json\/wp\/v2\/pages\/1499","targetHints":{"allow":["GET"]}}],"collection":[{"href":"https:\/\/www.oscarfaeh.ch\/en\/wp-json\/wp\/v2\/pages"}],"about":[{"href":"https:\/\/www.oscarfaeh.ch\/en\/wp-json\/wp\/v2\/types\/page"}],"author":[{"embeddable":true,"href":"https:\/\/www.oscarfaeh.ch\/en\/wp-json\/wp\/v2\/users\/1"}],"replies":[{"embeddable":true,"href":"https:\/\/www.oscarfaeh.ch\/en\/wp-json\/wp\/v2\/comments?post=1499"}],"version-history":[{"count":7,"href":"https:\/\/www.oscarfaeh.ch\/en\/wp-json\/wp\/v2\/pages\/1499\/revisions"}],"predecessor-version":[{"id":3856,"href":"https:\/\/www.oscarfaeh.ch\/en\/wp-json\/wp\/v2\/pages\/1499\/revisions\/3856"}],"wp:featuredmedia":[{"embeddable":true,"href":"https:\/\/www.oscarfaeh.ch\/en\/wp-json\/wp\/v2\/media\/1501"}],"wp:attachment":[{"href":"https:\/\/www.oscarfaeh.ch\/en\/wp-json\/wp\/v2\/media?parent=1499"}],"curies":[{"name":"wp","href":"https:\/\/api.w.org\/{rel}","templated":true}]}}